{"id":847,"date":"2020-08-26T17:29:47","date_gmt":"2020-08-26T17:29:47","guid":{"rendered":"https:\/\/metalcast.com.mx\/?page_id=847"},"modified":"2025-10-10T17:40:51","modified_gmt":"2025-10-10T17:40:51","slug":"inscribete-al-boletin","status":"publish","type":"page","link":"https:\/\/metalcast.com.mx\/en\/inscribete-al-boletin\/","title":{"rendered":"Subscribe to the Newsletter"},"content":{"rendered":"<div data-elementor-type=\"wp-page\" data-elementor-id=\"847\" class=\"elementor elementor-847\">\n\t\t\t\t\t\t<div class=\"elementor-inner\">\n\t\t\t\t<div class=\"elementor-section-wrap\">\n\t\t\t\t\t\t\t\t\t<section class=\"elementor-section elementor-top-section elementor-element elementor-element-ab28819 elementor-section-full_width elementor-section-height-min-height elementor-section-height-default elementor-section-items-middle\" data-id=\"ab28819\" data-element_type=\"section\" data-settings=\"{&quot;background_background&quot;:&quot;classic&quot;}\">\n\t\t\t\t\t\t\t<div class=\"elementor-background-overlay\"><\/div>\n\t\t\t\t\t\t\t<div class=\"elementor-container elementor-column-gap-default\">\n\t\t\t\t\t\t\t<div class=\"elementor-row\">\n\t\t\t\t\t<div class=\"elementor-column elementor-col-100 elementor-top-column elementor-element elementor-element-0c7d7e9\" data-id=\"0c7d7e9\" data-element_type=\"column\">\n\t\t\t<div class=\"elementor-column-wrap elementor-element-populated\">\n\t\t\t\t\t\t\t<div class=\"elementor-widget-wrap\">\n\t\t\t\t\t\t<div class=\"elementor-element elementor-element-fe13d71 eael-dual-header-content-align-center elementor-invisible elementor-widget elementor-widget-eael-dual-color-header\" data-id=\"fe13d71\" data-element_type=\"widget\" data-settings=\"{&quot;_animation&quot;:&quot;fadeInUp&quot;}\" data-widget_type=\"eael-dual-color-header.default\">\n\t\t\t\t<div class=\"elementor-widget-container\">\n\t\t\t\n\t\t        <div class=\"eael-dual-header\">\n\t\t\t\t<h2 class=\"title\"><span  class=\"lead solid-color\">INSCR\u00cdBETE A NUESTRO BOLET\u00cdN<\/span> <span><\/span><\/h2>\n\t\t\t\t<span class=\"subtext\"><p>Join our community to receive news about metallurgy and our new projects<\/p><\/span>\n\t\t\t\t\t<span class=\"eael-dch-svg-icon\"><i aria-hidden=\"true\" class=\"fas fa-newspaper\"><\/i><\/span>\t\t\t\t<\/div>\n\t\n\t\t\n\t\t\n\t\t\n\t\t\t\t<\/div>\n\t\t\t\t<\/div>\n\t\t\t\t\t\t<\/div>\n\t\t\t\t\t<\/div>\n\t\t<\/div>\n\t\t\t\t\t\t\t\t<\/div>\n\t\t\t\t\t<\/div>\n\t\t<\/section>\n\t\t\t\t<section class=\"elementor-section elementor-top-section elementor-element elementor-element-6a541fc elementor-section-full_width elementor-section-height-default elementor-section-height-default\" data-id=\"6a541fc\" data-element_type=\"section\" data-settings=\"{&quot;background_background&quot;:&quot;classic&quot;}\">\n\t\t\t\t\t\t<div class=\"elementor-container elementor-column-gap-default\">\n\t\t\t\t\t\t\t<div class=\"elementor-row\">\n\t\t\t\t\t<div class=\"elementor-column elementor-col-16 elementor-top-column elementor-element elementor-element-07bde12\" data-id=\"07bde12\" data-element_type=\"column\">\n\t\t\t<div class=\"elementor-column-wrap\">\n\t\t\t\t\t\t\t<div class=\"elementor-widget-wrap\">\n\t\t\t\t\t\t\t\t<\/div>\n\t\t\t\t\t<\/div>\n\t\t<\/div>\n\t\t\t\t<div class=\"elementor-column elementor-col-16 elementor-top-column elementor-element elementor-element-c43bf55\" data-id=\"c43bf55\" data-element_type=\"column\">\n\t\t\t<div class=\"elementor-column-wrap elementor-element-populated\">\n\t\t\t\t\t\t\t<div class=\"elementor-widget-wrap\">\n\t\t\t\t\t\t<div class=\"elementor-element elementor-element-ebb0985 elementor-widget elementor-widget-heading\" data-id=\"ebb0985\" data-element_type=\"widget\" data-widget_type=\"heading.default\">\n\t\t\t\t<div class=\"elementor-widget-container\">\n\t\t\t<h1 class=\"elementor-heading-title elementor-size-default\">Location<\/h1>\t\t<\/div>\n\t\t\t\t<\/div>\n\t\t\t\t<div class=\"elementor-element elementor-element-0eaa064 elementor-widget elementor-widget-text-editor\" data-id=\"0eaa064\" data-element_type=\"widget\" data-widget_type=\"text-editor.default\">\n\t\t\t\t<div class=\"elementor-widget-container\">\n\t\t\t\t\t\t\t\t<div class=\"elementor-text-editor elementor-clearfix\">\n\t\t\t\t<p>Industrial Park Puebla 2000, Heroica Puebla de Zaragoza, Pue.<\/p>\t\t\t\t\t<\/div>\n\t\t\t\t\t\t<\/div>\n\t\t\t\t<\/div>\n\t\t\t\t<div class=\"elementor-element elementor-element-e43f9a0 elementor-widget elementor-widget-heading\" data-id=\"e43f9a0\" data-element_type=\"widget\" data-widget_type=\"heading.default\">\n\t\t\t\t<div class=\"elementor-widget-container\">\n\t\t\t<h1 class=\"elementor-heading-title elementor-size-default\">Schedule<\/h1>\t\t<\/div>\n\t\t\t\t<\/div>\n\t\t\t\t<div class=\"elementor-element elementor-element-bd141ca elementor-widget elementor-widget-text-editor\" data-id=\"bd141ca\" data-element_type=\"widget\" data-widget_type=\"text-editor.default\">\n\t\t\t\t<div class=\"elementor-widget-container\">\n\t\t\t\t\t\t\t\t<div class=\"elementor-text-editor elementor-clearfix\">\n\t\t\t\t<p>Mon - Tue 08:00 - 17:30<br \/>Sat 08:00 - 12:00 Hrs.<\/p>\t\t\t\t\t<\/div>\n\t\t\t\t\t\t<\/div>\n\t\t\t\t<\/div>\n\t\t\t\t\t\t<\/div>\n\t\t\t\t\t<\/div>\n\t\t<\/div>\n\t\t\t\t<div class=\"elementor-column elementor-col-16 elementor-top-column elementor-element elementor-element-e232af7\" data-id=\"e232af7\" data-element_type=\"column\">\n\t\t\t<div class=\"elementor-column-wrap elementor-element-populated\">\n\t\t\t\t\t\t\t<div class=\"elementor-widget-wrap\">\n\t\t\t\t\t\t<div class=\"elementor-element elementor-element-b1dfa5d elementor-widget elementor-widget-heading\" data-id=\"b1dfa5d\" data-element_type=\"widget\" data-widget_type=\"heading.default\">\n\t\t\t\t<div class=\"elementor-widget-container\">\n\t\t\t<h1 class=\"elementor-heading-title elementor-size-default\">Contact us<\/h1>\t\t<\/div>\n\t\t\t\t<\/div>\n\t\t\t\t<div class=\"elementor-element elementor-element-f511374 elementor-widget__width-initial elementor-widget elementor-widget-text-editor\" data-id=\"f511374\" data-element_type=\"widget\" data-widget_type=\"text-editor.default\">\n\t\t\t\t<div class=\"elementor-widget-container\">\n\t\t\t\t\t\t\t\t<div class=\"elementor-text-editor elementor-clearfix\">\n\t\t\t\t<p>+52 (01 222) 282 63 52<\/p>\t\t\t\t\t<\/div>\n\t\t\t\t\t\t<\/div>\n\t\t\t\t<\/div>\n\t\t\t\t<div class=\"elementor-element elementor-element-de3bc93 elementor-widget elementor-widget-text-editor\" data-id=\"de3bc93\" data-element_type=\"widget\" data-widget_type=\"text-editor.default\">\n\t\t\t\t<div class=\"elementor-widget-container\">\n\t\t\t\t\t\t\t\t<div class=\"elementor-text-editor elementor-clearfix\">\n\t\t\t\t<p style=\"text-align: center;\"><span style=\"color: #999999;\">Extensi\u00f3n Ventas: 31 o 38<\/span><span style=\"color: #999999;\"><br \/><\/span><span style=\"color: #999999;\">Extensi\u00f3n Recursos Humanos: 24<br \/><\/span><span style=\"color: #999999; font-size: 10px;\">Extensi\u00f3n para mas informaci\u00f3n: 11<\/span><\/p>\t\t\t\t\t<\/div>\n\t\t\t\t\t\t<\/div>\n\t\t\t\t<\/div>\n\t\t\t\t\t\t<\/div>\n\t\t\t\t\t<\/div>\n\t\t<\/div>\n\t\t\t\t<div class=\"elementor-column elementor-col-16 elementor-top-column elementor-element elementor-element-e9a9498\" data-id=\"e9a9498\" data-element_type=\"column\">\n\t\t\t<div class=\"elementor-column-wrap elementor-element-populated\">\n\t\t\t\t\t\t\t<div class=\"elementor-widget-wrap\">\n\t\t\t\t\t\t<div class=\"elementor-element elementor-element-a766792 elementor-widget elementor-widget-heading\" data-id=\"a766792\" data-element_type=\"widget\" data-widget_type=\"heading.default\">\n\t\t\t\t<div class=\"elementor-widget-container\">\n\t\t\t<h1 class=\"elementor-heading-title elementor-size-default\">Email<\/h1>\t\t<\/div>\n\t\t\t\t<\/div>\n\t\t\t\t<div class=\"elementor-element elementor-element-60f4225 elementor-widget elementor-widget-text-editor\" data-id=\"60f4225\" data-element_type=\"widget\" data-widget_type=\"text-editor.default\">\n\t\t\t\t<div class=\"elementor-widget-container\">\n\t\t\t\t\t\t\t\t<div class=\"elementor-text-editor elementor-clearfix\">\n\t\t\t\t<p>Ventas<br \/>ventasds@metalcast.com.mx<br \/>ventasds2@metalcast.com.mx<\/p><p>Compras<br \/>compras@metalcast.com.mx<br \/><br \/>Talento Humano<br \/>talentohumano@metalcast.com.mx<\/p>\t\t\t\t\t<\/div>\n\t\t\t\t\t\t<\/div>\n\t\t\t\t<\/div>\n\t\t\t\t\t\t<\/div>\n\t\t\t\t\t<\/div>\n\t\t<\/div>\n\t\t\t\t<div class=\"elementor-column elementor-col-16 elementor-top-column elementor-element elementor-element-c9a0801\" data-id=\"c9a0801\" data-element_type=\"column\">\n\t\t\t<div class=\"elementor-column-wrap elementor-element-populated\">\n\t\t\t\t\t\t\t<div class=\"elementor-widget-wrap\">\n\t\t\t\t\t\t<div class=\"elementor-element elementor-element-4790ddd elementor-widget elementor-widget-heading\" data-id=\"4790ddd\" data-element_type=\"widget\" data-widget_type=\"heading.default\">\n\t\t\t\t<div class=\"elementor-widget-container\">\n\t\t\t<h1 class=\"elementor-heading-title elementor-size-default\">Contact us by whatsapp<\/h1>\t\t<\/div>\n\t\t\t\t<\/div>\n\t\t\t\t<div class=\"elementor-element elementor-element-edcde0c elementor-widget elementor-widget-heading\" data-id=\"edcde0c\" data-element_type=\"widget\" data-widget_type=\"heading.default\">\n\t\t\t\t<div class=\"elementor-widget-container\">\n\t\t\t<h1 class=\"elementor-heading-title elementor-size-default\">Hable con uno de nuestros agentes de ventas<\/h1>\t\t<\/div>\n\t\t\t\t<\/div>\n\t\t\t\t<div class=\"elementor-element elementor-element-d258c6f elementor-hidden-tablet elementor-view-default elementor-widget elementor-widget-icon\" data-id=\"d258c6f\" data-element_type=\"widget\" data-widget_type=\"icon.default\">\n\t\t\t\t<div class=\"elementor-widget-container\">\n\t\t\t\t\t<div class=\"elementor-icon-wrapper\">\n\t\t\t<a class=\"elementor-icon\" href=\"https:\/\/web.whatsapp.com\/send?phone=522228136185&#038;text=\">\n\t\t\t<i aria-hidden=\"true\" class=\"fab fa-whatsapp\"><\/i>\t\t\t<\/a>\n\t\t<\/div>\n\t\t\t\t<\/div>\n\t\t\t\t<\/div>\n\t\t\t\t<div class=\"elementor-element elementor-element-f307079 elementor-widget elementor-widget-heading\" data-id=\"f307079\" data-element_type=\"widget\" data-widget_type=\"heading.default\">\n\t\t\t\t<div class=\"elementor-widget-container\">\n\t\t\t<h1 class=\"elementor-heading-title elementor-size-default\">Numeros Telefonicos<\/h1>\t\t<\/div>\n\t\t\t\t<\/div>\n\t\t\t\t<div class=\"elementor-element elementor-element-b2bddf2 elementor-widget__width-initial elementor-widget elementor-widget-text-editor\" data-id=\"b2bddf2\" data-element_type=\"widget\" data-widget_type=\"text-editor.default\">\n\t\t\t\t<div class=\"elementor-widget-container\">\n\t\t\t\t\t\t\t\t<div class=\"elementor-text-editor elementor-clearfix\">\n\t\t\t\t<p>Compras<br \/>+52 222 615 8566<\/p><p>Talento Humano<br \/>+52 222 813 6195<\/p><p>Ventas<br \/>+52 22 28 13 61 85<br \/>+52 22 28 13 61 83<\/p>\t\t\t\t\t<\/div>\n\t\t\t\t\t\t<\/div>\n\t\t\t\t<\/div>\n\t\t\t\t<div class=\"elementor-element elementor-element-34b720e elementor-hidden-desktop elementor-hidden-phone elementor-view-default elementor-widget elementor-widget-icon\" data-id=\"34b720e\" data-element_type=\"widget\" data-widget_type=\"icon.default\">\n\t\t\t\t<div class=\"elementor-widget-container\">\n\t\t\t\t\t<div class=\"elementor-icon-wrapper\">\n\t\t\t<a class=\"elementor-icon\" href=\"https:\/\/api.whatsapp.com\/send?phone=522228136185&#038;text=\">\n\t\t\t<i aria-hidden=\"true\" class=\"fab fa-whatsapp\"><\/i>\t\t\t<\/a>\n\t\t<\/div>\n\t\t\t\t<\/div>\n\t\t\t\t<\/div>\n\t\t\t\t\t\t<\/div>\n\t\t\t\t\t<\/div>\n\t\t<\/div>\n\t\t\t\t<div class=\"elementor-column elementor-col-16 elementor-top-column elementor-element elementor-element-6388bfc\" data-id=\"6388bfc\" data-element_type=\"column\">\n\t\t\t<div class=\"elementor-column-wrap\">\n\t\t\t\t\t\t\t<div class=\"elementor-widget-wrap\">\n\t\t\t\t\t\t\t\t<\/div>\n\t\t\t\t\t<\/div>\n\t\t<\/div>\n\t\t\t\t\t\t\t\t<\/div>\n\t\t\t\t\t<\/div>\n\t\t<\/section>\n\t\t\t\t\t\t\t\t\t<\/div>\n\t\t\t<\/div>\n\t\t\t\t\t<\/div>","protected":false},"excerpt":{"rendered":"<p>INSCR\u00cdBETE A NUESTRO BOLET\u00cdN \u00danete a nuestra comunidad para recibir noticias sobre metalurgia y nuestros nuevos proyectos Ubicaci\u00f3n Parque Industrial Puebla 2000, Heroica Puebla de Zaragoza, Pue. Horario Lun &#8211; Mar 08:00 &#8211; 17:30 Hrs.Sab 08:00 &#8211; 12:00 Hrs. Cont\u00e1ctanos +52 (01 222) 282 63 52 Extensi\u00f3n Ventas: 31 o 38Extensi\u00f3n Recursos Humanos: 24Extensi\u00f3n para &hellip;<\/p>\n<p class=\"read-more\"> <a class=\"\" href=\"https:\/\/metalcast.com.mx\/en\/inscribete-al-boletin\/\"> <span class=\"screen-reader-text\">Subscribe to the Newsletter<\/span> Read More &raquo;<\/a><\/p>","protected":false},"author":1,"featured_media":0,"parent":0,"menu_order":0,"comment_status":"closed","ping_status":"closed","template":"","meta":{"site-sidebar-layout":"no-sidebar","site-content-layout":"page-builder","ast-global-header-display":"","ast-banner-title-visibility":"","ast-main-header-display":"","ast-hfb-above-header-display":"","ast-hfb-below-header-display":"","ast-hfb-mobile-header-display":"","site-post-title":"disabled","ast-breadcrumbs-content":"","ast-featured-img":"disabled","footer-sml-layout":"","theme-transparent-header-meta":"default","adv-header-id-meta":"","stick-header-meta":"","header-above-stick-meta":"","header-main-stick-meta":"","header-below-stick-meta":"","footnotes":""},"class_list":["post-847","page","type-page","status-publish","hentry"],"yoast_head":"<!-- This site is optimized with the Yoast SEO plugin v20.8 - https:\/\/yoast.com\/wordpress\/plugins\/seo\/ -->\n<title>Inscribete al Bolet\u00edn - MetalCast<\/title>\n<meta name=\"robots\" content=\"index, follow, max-snippet:-1, max-image-preview:large, max-video-preview:-1\" \/>\n<link rel=\"canonical\" href=\"https:\/\/metalcast.com.mx\/en\/inscribete-al-boletin\/\" \/>\n<meta property=\"og:locale\" content=\"en_US\" \/>\n<meta property=\"og:type\" content=\"article\" \/>\n<meta property=\"og:title\" content=\"Inscribete al Bolet\u00edn - MetalCast\" \/>\n<meta property=\"og:description\" content=\"INSCR\u00cdBETE A NUESTRO BOLET\u00cdN \u00danete a nuestra comunidad para recibir noticias sobre metalurgia y nuestros nuevos proyectos Ubicaci\u00f3n Parque Industrial Puebla 2000, Heroica Puebla de Zaragoza, Pue. Horario Lun &#8211; Mar 08:00 &#8211; 17:30 Hrs.Sab 08:00 &#8211; 12:00 Hrs. Cont\u00e1ctanos +52 (01 222) 282 63 52 Extensi\u00f3n Ventas: 31 o 38Extensi\u00f3n Recursos Humanos: 24Extensi\u00f3n para &hellip; Inscribete al Bolet\u00edn Read More &raquo;\" \/>\n<meta property=\"og:url\" content=\"https:\/\/metalcast.com.mx\/en\/inscribete-al-boletin\/\" \/>\n<meta property=\"og:site_name\" content=\"MetalCast\" \/>\n<meta property=\"article:modified_time\" content=\"2025-10-10T17:40:51+00:00\" \/>\n<meta name=\"twitter:card\" content=\"summary_large_image\" \/>\n<meta name=\"twitter:label1\" content=\"Est. reading time\" \/>\n\t<meta name=\"twitter:data1\" content=\"1 minute\" \/>\n<script type=\"application\/ld+json\" class=\"yoast-schema-graph\">{\"@context\":\"https:\/\/schema.org\",\"@graph\":[{\"@type\":\"WebPage\",\"@id\":\"https:\/\/metalcast.com.mx\/inscribete-al-boletin\/\",\"url\":\"https:\/\/metalcast.com.mx\/inscribete-al-boletin\/\",\"name\":\"Inscribete al Bolet\u00edn - MetalCast\",\"isPartOf\":{\"@id\":\"https:\/\/metalcast.com.mx\/#website\"},\"datePublished\":\"2020-08-26T17:29:47+00:00\",\"dateModified\":\"2025-10-10T17:40:51+00:00\",\"breadcrumb\":{\"@id\":\"https:\/\/metalcast.com.mx\/inscribete-al-boletin\/#breadcrumb\"},\"inLanguage\":\"en-US\",\"potentialAction\":[{\"@type\":\"ReadAction\",\"target\":[\"https:\/\/metalcast.com.mx\/inscribete-al-boletin\/\"]}]},{\"@type\":\"BreadcrumbList\",\"@id\":\"https:\/\/metalcast.com.mx\/inscribete-al-boletin\/#breadcrumb\",\"itemListElement\":[{\"@type\":\"ListItem\",\"position\":1,\"name\":\"Portada\",\"item\":\"https:\/\/metalcast.com.mx\/\"},{\"@type\":\"ListItem\",\"position\":2,\"name\":\"Inscribete al Bolet\u00edn\"}]},{\"@type\":\"WebSite\",\"@id\":\"https:\/\/metalcast.com.mx\/#website\",\"url\":\"https:\/\/metalcast.com.mx\/\",\"name\":\"MetalCast\",\"description\":\"Investment Casting\",\"publisher\":{\"@id\":\"https:\/\/metalcast.com.mx\/#organization\"},\"potentialAction\":[{\"@type\":\"SearchAction\",\"target\":{\"@type\":\"EntryPoint\",\"urlTemplate\":\"https:\/\/metalcast.com.mx\/?s={search_term_string}\"},\"query-input\":\"required name=search_term_string\"}],\"inLanguage\":\"en-US\"},{\"@type\":\"Organization\",\"@id\":\"https:\/\/metalcast.com.mx\/#organization\",\"name\":\"MetalCast\",\"url\":\"https:\/\/metalcast.com.mx\/\",\"logo\":{\"@type\":\"ImageObject\",\"inLanguage\":\"en-US\",\"@id\":\"https:\/\/metalcast.com.mx\/#\/schema\/logo\/image\/\",\"url\":\"https:\/\/metalcast.com.mx\/wp-content\/uploads\/2020\/07\/Logo-MetalCast_Mesa-de-trabajo-1.png\",\"contentUrl\":\"https:\/\/metalcast.com.mx\/wp-content\/uploads\/2020\/07\/Logo-MetalCast_Mesa-de-trabajo-1.png\",\"width\":250,\"height\":250,\"caption\":\"MetalCast\"},\"image\":{\"@id\":\"https:\/\/metalcast.com.mx\/#\/schema\/logo\/image\/\"}}]}<\/script>\n<!-- \/ Yoast SEO plugin. -->","yoast_head_json":{"title":"Inscribete al Bolet\u00edn - MetalCast","robots":{"index":"index","follow":"follow","max-snippet":"max-snippet:-1","max-image-preview":"max-image-preview:large","max-video-preview":"max-video-preview:-1"},"canonical":"https:\/\/metalcast.com.mx\/en\/inscribete-al-boletin\/","og_locale":"en_US","og_type":"article","og_title":"Inscribete al Bolet\u00edn - MetalCast","og_description":"INSCR\u00cdBETE A NUESTRO BOLET\u00cdN \u00danete a nuestra comunidad para recibir noticias sobre metalurgia y nuestros nuevos proyectos Ubicaci\u00f3n Parque Industrial Puebla 2000, Heroica Puebla de Zaragoza, Pue. Horario Lun &#8211; Mar 08:00 &#8211; 17:30 Hrs.Sab 08:00 &#8211; 12:00 Hrs. Cont\u00e1ctanos +52 (01 222) 282 63 52 Extensi\u00f3n Ventas: 31 o 38Extensi\u00f3n Recursos Humanos: 24Extensi\u00f3n para &hellip; Inscribete al Bolet\u00edn Read More &raquo;","og_url":"https:\/\/metalcast.com.mx\/en\/inscribete-al-boletin\/","og_site_name":"MetalCast","article_modified_time":"2025-10-10T17:40:51+00:00","twitter_card":"summary_large_image","twitter_misc":{"Est. reading time":"1 minute"},"schema":{"@context":"https:\/\/schema.org","@graph":[{"@type":"WebPage","@id":"https:\/\/metalcast.com.mx\/inscribete-al-boletin\/","url":"https:\/\/metalcast.com.mx\/inscribete-al-boletin\/","name":"Inscribete al Bolet\u00edn - MetalCast","isPartOf":{"@id":"https:\/\/metalcast.com.mx\/#website"},"datePublished":"2020-08-26T17:29:47+00:00","dateModified":"2025-10-10T17:40:51+00:00","breadcrumb":{"@id":"https:\/\/metalcast.com.mx\/inscribete-al-boletin\/#breadcrumb"},"inLanguage":"en-US","potentialAction":[{"@type":"ReadAction","target":["https:\/\/metalcast.com.mx\/inscribete-al-boletin\/"]}]},{"@type":"BreadcrumbList","@id":"https:\/\/metalcast.com.mx\/inscribete-al-boletin\/#breadcrumb","itemListElement":[{"@type":"ListItem","position":1,"name":"Portada","item":"https:\/\/metalcast.com.mx\/"},{"@type":"ListItem","position":2,"name":"Inscribete al Bolet\u00edn"}]},{"@type":"WebSite","@id":"https:\/\/metalcast.com.mx\/#website","url":"https:\/\/metalcast.com.mx\/","name":"MetalCast","description":"Investment Casting","publisher":{"@id":"https:\/\/metalcast.com.mx\/#organization"},"potentialAction":[{"@type":"SearchAction","target":{"@type":"EntryPoint","urlTemplate":"https:\/\/metalcast.com.mx\/?s={search_term_string}"},"query-input":"required name=search_term_string"}],"inLanguage":"en-US"},{"@type":"Organization","@id":"https:\/\/metalcast.com.mx\/#organization","name":"MetalCast","url":"https:\/\/metalcast.com.mx\/","logo":{"@type":"ImageObject","inLanguage":"en-US","@id":"https:\/\/metalcast.com.mx\/#\/schema\/logo\/image\/","url":"https:\/\/metalcast.com.mx\/wp-content\/uploads\/2020\/07\/Logo-MetalCast_Mesa-de-trabajo-1.png","contentUrl":"https:\/\/metalcast.com.mx\/wp-content\/uploads\/2020\/07\/Logo-MetalCast_Mesa-de-trabajo-1.png","width":250,"height":250,"caption":"MetalCast"},"image":{"@id":"https:\/\/metalcast.com.mx\/#\/schema\/logo\/image\/"}}]}},"_links":{"self":[{"href":"https:\/\/metalcast.com.mx\/en\/wp-json\/wp\/v2\/pages\/847","targetHints":{"allow":["GET"]}}],"collection":[{"href":"https:\/\/metalcast.com.mx\/en\/wp-json\/wp\/v2\/pages"}],"about":[{"href":"https:\/\/metalcast.com.mx\/en\/wp-json\/wp\/v2\/types\/page"}],"author":[{"embeddable":true,"href":"https:\/\/metalcast.com.mx\/en\/wp-json\/wp\/v2\/users\/1"}],"replies":[{"embeddable":true,"href":"https:\/\/metalcast.com.mx\/en\/wp-json\/wp\/v2\/comments?post=847"}],"version-history":[{"count":39,"href":"https:\/\/metalcast.com.mx\/en\/wp-json\/wp\/v2\/pages\/847\/revisions"}],"predecessor-version":[{"id":3928,"href":"https:\/\/metalcast.com.mx\/en\/wp-json\/wp\/v2\/pages\/847\/revisions\/3928"}],"wp:attachment":[{"href":"https:\/\/metalcast.com.mx\/en\/wp-json\/wp\/v2\/media?parent=847"}],"curies":[{"name":"wp","href":"https:\/\/api.w.org\/{rel}","templated":true}]}}