{"id":716,"date":"2020-08-15T17:58:06","date_gmt":"2020-08-15T17:58:06","guid":{"rendered":"https:\/\/metalcast.com.mx\/?page_id=716"},"modified":"2025-09-26T02:41:51","modified_gmt":"2025-09-26T02:41:51","slug":"ceramicos","status":"publish","type":"page","link":"https:\/\/metalcast.com.mx\/en\/ceramicos\/","title":{"rendered":"Cer\u00e1micos"},"content":{"rendered":"<div data-elementor-type=\"wp-page\" data-elementor-id=\"716\" class=\"elementor elementor-716\">\n\t\t\t\t\t\t<div class=\"elementor-inner\">\n\t\t\t\t<div class=\"elementor-section-wrap\">\n\t\t\t\t\t\t\t\t\t<section class=\"elementor-section elementor-top-section elementor-element elementor-element-2d5a268 elementor-section-boxed elementor-section-height-default elementor-section-height-default\" data-id=\"2d5a268\" data-element_type=\"section\">\n\t\t\t\t\t\t<div class=\"elementor-container elementor-column-gap-default\">\n\t\t\t\t\t\t\t<div class=\"elementor-row\">\n\t\t\t\t\t<div class=\"elementor-column elementor-col-100 elementor-top-column elementor-element elementor-element-8ec52cd\" data-id=\"8ec52cd\" data-element_type=\"column\">\n\t\t\t<div class=\"elementor-column-wrap elementor-element-populated\">\n\t\t\t\t\t\t\t<div class=\"elementor-widget-wrap\">\n\t\t\t\t\t\t<div class=\"elementor-element elementor-element-c625d2c elementor-widget elementor-widget-spacer\" data-id=\"c625d2c\" data-element_type=\"widget\" data-widget_type=\"spacer.default\">\n\t\t\t\t<div class=\"elementor-widget-container\">\n\t\t\t\t\t<div class=\"elementor-spacer\">\n\t\t\t<div class=\"elementor-spacer-inner\"><\/div>\n\t\t<\/div>\n\t\t\t\t<\/div>\n\t\t\t\t<\/div>\n\t\t\t\t\t\t<\/div>\n\t\t\t\t\t<\/div>\n\t\t<\/div>\n\t\t\t\t\t\t\t\t<\/div>\n\t\t\t\t\t<\/div>\n\t\t<\/section>\n\t\t\t\t<section class=\"elementor-section elementor-top-section elementor-element elementor-element-34aff2b elementor-section-boxed elementor-section-height-default elementor-section-height-default\" data-id=\"34aff2b\" data-element_type=\"section\" data-settings=\"{&quot;background_background&quot;:&quot;video&quot;}\">\n\t\t\t\t\t\t<div class=\"elementor-container elementor-column-gap-default\">\n\t\t\t\t\t\t\t<div class=\"elementor-row\">\n\t\t\t\t\t<div class=\"elementor-column elementor-col-66 elementor-top-column elementor-element elementor-element-089d230\" data-id=\"089d230\" data-element_type=\"column\">\n\t\t\t<div class=\"elementor-column-wrap elementor-element-populated\">\n\t\t\t\t\t\t\t<div class=\"elementor-widget-wrap\">\n\t\t\t\t\t\t<div class=\"elementor-element elementor-element-b1e8571 elementor-widget elementor-widget-heading\" data-id=\"b1e8571\" data-element_type=\"widget\" data-widget_type=\"heading.default\">\n\t\t\t\t<div class=\"elementor-widget-container\">\n\t\t\t<h1 class=\"elementor-heading-title elementor-size-default\">CERAMICS<\/h1>\t\t<\/div>\n\t\t\t\t<\/div>\n\t\t\t\t\t\t<\/div>\n\t\t\t\t\t<\/div>\n\t\t<\/div>\n\t\t\t\t<div class=\"elementor-column elementor-col-33 elementor-top-column elementor-element elementor-element-bc15080\" data-id=\"bc15080\" data-element_type=\"column\" data-settings=\"{&quot;background_background&quot;:&quot;classic&quot;}\">\n\t\t\t<div class=\"elementor-column-wrap elementor-element-populated\">\n\t\t\t\t\t\t\t<div class=\"elementor-widget-wrap\">\n\t\t\t\t\t\t<div class=\"elementor-element elementor-element-6930f0c elementor-widget elementor-widget-heading\" data-id=\"6930f0c\" data-element_type=\"widget\" data-widget_type=\"heading.default\">\n\t\t\t\t<div class=\"elementor-widget-container\">\n\t\t\t<h2 class=\"elementor-heading-title elementor-size-default\">PROCESS<\/h2>\t\t<\/div>\n\t\t\t\t<\/div>\n\t\t\t\t\t\t<\/div>\n\t\t\t\t\t<\/div>\n\t\t<\/div>\n\t\t\t\t\t\t\t\t<\/div>\n\t\t\t\t\t<\/div>\n\t\t<\/section>\n\t\t\t\t<section class=\"elementor-section elementor-top-section elementor-element elementor-element-d71f3ff elementor-section-boxed elementor-section-height-default elementor-section-height-default\" data-id=\"d71f3ff\" data-element_type=\"section\">\n\t\t\t\t\t\t<div class=\"elementor-container elementor-column-gap-default\">\n\t\t\t\t\t\t\t<div class=\"elementor-row\">\n\t\t\t\t\t<div class=\"elementor-column elementor-col-100 elementor-top-column elementor-element elementor-element-f5a796c\" data-id=\"f5a796c\" data-element_type=\"column\">\n\t\t\t<div class=\"elementor-column-wrap elementor-element-populated\">\n\t\t\t\t\t\t\t<div class=\"elementor-widget-wrap\">\n\t\t\t\t\t\t<div class=\"elementor-element elementor-element-fae265b elementor-widget elementor-widget-video\" data-id=\"fae265b\" data-element_type=\"widget\" data-settings=\"{&quot;youtube_url&quot;:&quot;https:\\\/\\\/youtu.be\\\/cY4E2WYNX5M&quot;,&quot;video_type&quot;:&quot;youtube&quot;,&quot;controls&quot;:&quot;yes&quot;}\" data-widget_type=\"video.default\">\n\t\t\t\t<div class=\"elementor-widget-container\">\n\t\t\t\t\t<div class=\"elementor-wrapper elementor-open-inline\">\n\t\t\t<div class=\"elementor-video\"><\/div>\t\t<\/div>\n\t\t\t\t<\/div>\n\t\t\t\t<\/div>\n\t\t\t\t\t\t<\/div>\n\t\t\t\t\t<\/div>\n\t\t<\/div>\n\t\t\t\t\t\t\t\t<\/div>\n\t\t\t\t\t<\/div>\n\t\t<\/section>\n\t\t\t\t<section class=\"elementor-section elementor-top-section elementor-element elementor-element-967057d elementor-section-full_width elementor-section-height-default elementor-section-height-default\" data-id=\"967057d\" data-element_type=\"section\" data-settings=\"{&quot;background_background&quot;:&quot;classic&quot;}\">\n\t\t\t\t\t\t<div class=\"elementor-container elementor-column-gap-default\">\n\t\t\t\t\t\t\t<div class=\"elementor-row\">\n\t\t\t\t\t<div class=\"elementor-column elementor-col-16 elementor-top-column elementor-element elementor-element-2ffb658\" data-id=\"2ffb658\" data-element_type=\"column\">\n\t\t\t<div class=\"elementor-column-wrap\">\n\t\t\t\t\t\t\t<div class=\"elementor-widget-wrap\">\n\t\t\t\t\t\t\t\t<\/div>\n\t\t\t\t\t<\/div>\n\t\t<\/div>\n\t\t\t\t<div class=\"elementor-column elementor-col-16 elementor-top-column elementor-element elementor-element-8e596c6\" data-id=\"8e596c6\" data-element_type=\"column\">\n\t\t\t<div class=\"elementor-column-wrap elementor-element-populated\">\n\t\t\t\t\t\t\t<div class=\"elementor-widget-wrap\">\n\t\t\t\t\t\t<div class=\"elementor-element elementor-element-c719b4c elementor-widget elementor-widget-heading\" data-id=\"c719b4c\" data-element_type=\"widget\" data-widget_type=\"heading.default\">\n\t\t\t\t<div class=\"elementor-widget-container\">\n\t\t\t<h1 class=\"elementor-heading-title elementor-size-default\">Location<\/h1>\t\t<\/div>\n\t\t\t\t<\/div>\n\t\t\t\t<div class=\"elementor-element elementor-element-e218295 elementor-widget elementor-widget-text-editor\" data-id=\"e218295\" data-element_type=\"widget\" data-widget_type=\"text-editor.default\">\n\t\t\t\t<div class=\"elementor-widget-container\">\n\t\t\t\t\t\t\t\t<div class=\"elementor-text-editor elementor-clearfix\">\n\t\t\t\t<p>Industrial Park Puebla 2000, Heroica Puebla de Zaragoza, Pue.<\/p>\t\t\t\t\t<\/div>\n\t\t\t\t\t\t<\/div>\n\t\t\t\t<\/div>\n\t\t\t\t<div class=\"elementor-element elementor-element-0dd6ba5 elementor-widget elementor-widget-heading\" data-id=\"0dd6ba5\" data-element_type=\"widget\" data-widget_type=\"heading.default\">\n\t\t\t\t<div class=\"elementor-widget-container\">\n\t\t\t<h1 class=\"elementor-heading-title elementor-size-default\">Schedule<\/h1>\t\t<\/div>\n\t\t\t\t<\/div>\n\t\t\t\t<div class=\"elementor-element elementor-element-53a22b7 elementor-widget elementor-widget-text-editor\" data-id=\"53a22b7\" data-element_type=\"widget\" data-widget_type=\"text-editor.default\">\n\t\t\t\t<div class=\"elementor-widget-container\">\n\t\t\t\t\t\t\t\t<div class=\"elementor-text-editor elementor-clearfix\">\n\t\t\t\t<p>Mon - Tue 08:00 - 17:30<br \/>Sat 08:00 - 12:00 Hrs.<\/p>\t\t\t\t\t<\/div>\n\t\t\t\t\t\t<\/div>\n\t\t\t\t<\/div>\n\t\t\t\t\t\t<\/div>\n\t\t\t\t\t<\/div>\n\t\t<\/div>\n\t\t\t\t<div class=\"elementor-column elementor-col-16 elementor-top-column elementor-element elementor-element-66e2807\" data-id=\"66e2807\" data-element_type=\"column\">\n\t\t\t<div class=\"elementor-column-wrap elementor-element-populated\">\n\t\t\t\t\t\t\t<div class=\"elementor-widget-wrap\">\n\t\t\t\t\t\t<div class=\"elementor-element elementor-element-1e7d3c5 elementor-widget elementor-widget-heading\" data-id=\"1e7d3c5\" data-element_type=\"widget\" data-widget_type=\"heading.default\">\n\t\t\t\t<div class=\"elementor-widget-container\">\n\t\t\t<h1 class=\"elementor-heading-title elementor-size-default\">Contact us<\/h1>\t\t<\/div>\n\t\t\t\t<\/div>\n\t\t\t\t<div class=\"elementor-element elementor-element-a33e8fb elementor-widget__width-initial elementor-widget elementor-widget-text-editor\" data-id=\"a33e8fb\" data-element_type=\"widget\" data-widget_type=\"text-editor.default\">\n\t\t\t\t<div class=\"elementor-widget-container\">\n\t\t\t\t\t\t\t\t<div class=\"elementor-text-editor elementor-clearfix\">\n\t\t\t\t<p>+52 (01 222) 282 63 52<\/p>\t\t\t\t\t<\/div>\n\t\t\t\t\t\t<\/div>\n\t\t\t\t<\/div>\n\t\t\t\t<div class=\"elementor-element elementor-element-ed27e4a elementor-widget elementor-widget-text-editor\" data-id=\"ed27e4a\" data-element_type=\"widget\" data-widget_type=\"text-editor.default\">\n\t\t\t\t<div class=\"elementor-widget-container\">\n\t\t\t\t\t\t\t\t<div class=\"elementor-text-editor elementor-clearfix\">\n\t\t\t\t<p style=\"text-align: center;\"><span style=\"color: #999999;\">Extensi\u00f3n Ventas:<\/span><span style=\"color: #999999;\">12<br \/><\/span><span style=\"color: #999999;\">Extensi\u00f3n Recursos Humanos: 24<br \/><\/span><span style=\"color: #999999; font-size: 10px;\">Extensi\u00f3n para mas informaci\u00f3n: 11<\/span><\/p>\t\t\t\t\t<\/div>\n\t\t\t\t\t\t<\/div>\n\t\t\t\t<\/div>\n\t\t\t\t\t\t<\/div>\n\t\t\t\t\t<\/div>\n\t\t<\/div>\n\t\t\t\t<div class=\"elementor-column elementor-col-16 elementor-top-column elementor-element elementor-element-10dabeb\" data-id=\"10dabeb\" data-element_type=\"column\">\n\t\t\t<div class=\"elementor-column-wrap elementor-element-populated\">\n\t\t\t\t\t\t\t<div class=\"elementor-widget-wrap\">\n\t\t\t\t\t\t<div class=\"elementor-element elementor-element-3220b19 elementor-widget elementor-widget-heading\" data-id=\"3220b19\" data-element_type=\"widget\" data-widget_type=\"heading.default\">\n\t\t\t\t<div class=\"elementor-widget-container\">\n\t\t\t<h1 class=\"elementor-heading-title elementor-size-default\">Email<\/h1>\t\t<\/div>\n\t\t\t\t<\/div>\n\t\t\t\t<div class=\"elementor-element elementor-element-977c3b6 elementor-widget elementor-widget-text-editor\" data-id=\"977c3b6\" data-element_type=\"widget\" data-widget_type=\"text-editor.default\">\n\t\t\t\t<div class=\"elementor-widget-container\">\n\t\t\t\t\t\t\t\t<div class=\"elementor-text-editor elementor-clearfix\">\n\t\t\t\t<p>Ventas<br \/>ventasds@metalcast.com.mx<br \/>ventasds2@metalcast.com.mx<\/p><p>Compras<br \/>compras@metalcast.com.mx<br \/><br \/>Talento Humano<br \/>talentohumano@metalcast.com.mx<\/p>\t\t\t\t\t<\/div>\n\t\t\t\t\t\t<\/div>\n\t\t\t\t<\/div>\n\t\t\t\t\t\t<\/div>\n\t\t\t\t\t<\/div>\n\t\t<\/div>\n\t\t\t\t<div class=\"elementor-column elementor-col-16 elementor-top-column elementor-element elementor-element-ec97f09\" data-id=\"ec97f09\" data-element_type=\"column\">\n\t\t\t<div class=\"elementor-column-wrap elementor-element-populated\">\n\t\t\t\t\t\t\t<div class=\"elementor-widget-wrap\">\n\t\t\t\t\t\t<div class=\"elementor-element elementor-element-4b7d886 elementor-widget elementor-widget-heading\" data-id=\"4b7d886\" data-element_type=\"widget\" data-widget_type=\"heading.default\">\n\t\t\t\t<div class=\"elementor-widget-container\">\n\t\t\t<h1 class=\"elementor-heading-title elementor-size-default\">Contact us by whatsapp<\/h1>\t\t<\/div>\n\t\t\t\t<\/div>\n\t\t\t\t<div class=\"elementor-element elementor-element-58b549f elementor-hidden-tablet elementor-view-default elementor-widget elementor-widget-icon\" data-id=\"58b549f\" data-element_type=\"widget\" data-widget_type=\"icon.default\">\n\t\t\t\t<div class=\"elementor-widget-container\">\n\t\t\t\t\t<div class=\"elementor-icon-wrapper\">\n\t\t\t<a class=\"elementor-icon\" href=\"https:\/\/web.whatsapp.com\/send?phone=522228136185&#038;text=\">\n\t\t\t<i aria-hidden=\"true\" class=\"fab fa-whatsapp\"><\/i>\t\t\t<\/a>\n\t\t<\/div>\n\t\t\t\t<\/div>\n\t\t\t\t<\/div>\n\t\t\t\t<div class=\"elementor-element elementor-element-5ff6669 elementor-widget elementor-widget-heading\" data-id=\"5ff6669\" data-element_type=\"widget\" data-widget_type=\"heading.default\">\n\t\t\t\t<div class=\"elementor-widget-container\">\n\t\t\t<h1 class=\"elementor-heading-title elementor-size-default\">Numeros Telefonicos<\/h1>\t\t<\/div>\n\t\t\t\t<\/div>\n\t\t\t\t<div class=\"elementor-element elementor-element-1ca9983 elementor-widget__width-initial elementor-widget elementor-widget-text-editor\" data-id=\"1ca9983\" data-element_type=\"widget\" data-widget_type=\"text-editor.default\">\n\t\t\t\t<div class=\"elementor-widget-container\">\n\t\t\t\t\t\t\t\t<div class=\"elementor-text-editor elementor-clearfix\">\n\t\t\t\t<p>Compras<br \/>+52 222 615 8566<\/p><p>Talento Humano<br \/>+52 222 813 6195<\/p>\t\t\t\t\t<\/div>\n\t\t\t\t\t\t<\/div>\n\t\t\t\t<\/div>\n\t\t\t\t<div class=\"elementor-element elementor-element-a743f7c elementor-hidden-desktop elementor-hidden-phone elementor-view-default elementor-widget elementor-widget-icon\" data-id=\"a743f7c\" data-element_type=\"widget\" data-widget_type=\"icon.default\">\n\t\t\t\t<div class=\"elementor-widget-container\">\n\t\t\t\t\t<div class=\"elementor-icon-wrapper\">\n\t\t\t<a class=\"elementor-icon\" href=\"https:\/\/api.whatsapp.com\/send?phone=522228136185&#038;text=\">\n\t\t\t<i aria-hidden=\"true\" class=\"fab fa-whatsapp\"><\/i>\t\t\t<\/a>\n\t\t<\/div>\n\t\t\t\t<\/div>\n\t\t\t\t<\/div>\n\t\t\t\t\t\t<\/div>\n\t\t\t\t\t<\/div>\n\t\t<\/div>\n\t\t\t\t<div class=\"elementor-column elementor-col-16 elementor-top-column elementor-element elementor-element-a675183\" data-id=\"a675183\" data-element_type=\"column\">\n\t\t\t<div class=\"elementor-column-wrap\">\n\t\t\t\t\t\t\t<div class=\"elementor-widget-wrap\">\n\t\t\t\t\t\t\t\t<\/div>\n\t\t\t\t\t<\/div>\n\t\t<\/div>\n\t\t\t\t\t\t\t\t<\/div>\n\t\t\t\t\t<\/div>\n\t\t<\/section>\n\t\t\t\t\t\t\t\t\t<\/div>\n\t\t\t<\/div>\n\t\t\t\t\t<\/div>","protected":false},"excerpt":{"rendered":"<p>CER\u00c1MICOS PROCESO Ubicaci\u00f3n Parque Industrial Puebla 2000, Heroica Puebla de Zaragoza, Pue. Horario Lun &#8211; Mar 08:00 &#8211; 17:30 Hrs.Sab 08:00 &#8211; 12:00 Hrs. Cont\u00e1ctanos +52 (01 222) 282 63 52 Extensi\u00f3n Ventas:12Extensi\u00f3n Recursos Humanos: 24Extensi\u00f3n para mas informaci\u00f3n: 11 Email Ventasventasds@metalcast.com.mxventasds2@metalcast.com.mx Comprascompras@metalcast.com.mx Talento Humanotalentohumano@metalcast.com.mx Cont\u00e1ctanos por whatsapp Numeros Telefonicos Compras+52 222 615 8566 Talento &hellip;<\/p>\n<p class=\"read-more\"> <a class=\"\" href=\"https:\/\/metalcast.com.mx\/en\/ceramicos\/\"> <span class=\"screen-reader-text\">Cer\u00e1micos<\/span> Read More &raquo;<\/a><\/p>","protected":false},"author":1,"featured_media":0,"parent":0,"menu_order":0,"comment_status":"closed","ping_status":"closed","template":"","meta":{"site-sidebar-layout":"no-sidebar","site-content-layout":"page-builder","ast-global-header-display":"","ast-banner-title-visibility":"","ast-main-header-display":"","ast-hfb-above-header-display":"","ast-hfb-below-header-display":"","ast-hfb-mobile-header-display":"","site-post-title":"disabled","ast-breadcrumbs-content":"","ast-featured-img":"disabled","footer-sml-layout":"","theme-transparent-header-meta":"default","adv-header-id-meta":"","stick-header-meta":"","header-above-stick-meta":"","header-main-stick-meta":"","header-below-stick-meta":"","footnotes":""},"class_list":["post-716","page","type-page","status-publish","hentry"],"yoast_head":"<!-- This site is optimized with the Yoast SEO plugin v20.8 - https:\/\/yoast.com\/wordpress\/plugins\/seo\/ -->\n<title>Cer\u00e1micos - MetalCast<\/title>\n<meta name=\"robots\" content=\"index, follow, max-snippet:-1, max-image-preview:large, max-video-preview:-1\" \/>\n<link rel=\"canonical\" href=\"https:\/\/metalcast.com.mx\/en\/ceramicos\/\" \/>\n<meta property=\"og:locale\" content=\"en_US\" \/>\n<meta property=\"og:type\" content=\"article\" \/>\n<meta property=\"og:title\" content=\"Cer\u00e1micos - MetalCast\" \/>\n<meta property=\"og:description\" content=\"CER\u00c1MICOS PROCESO Ubicaci\u00f3n Parque Industrial Puebla 2000, Heroica Puebla de Zaragoza, Pue. Horario Lun &#8211; Mar 08:00 &#8211; 17:30 Hrs.Sab 08:00 &#8211; 12:00 Hrs. Cont\u00e1ctanos +52 (01 222) 282 63 52 Extensi\u00f3n Ventas:12Extensi\u00f3n Recursos Humanos: 24Extensi\u00f3n para mas informaci\u00f3n: 11 Email Ventasventasds@metalcast.com.mxventasds2@metalcast.com.mx Comprascompras@metalcast.com.mx Talento Humanotalentohumano@metalcast.com.mx Cont\u00e1ctanos por whatsapp Numeros Telefonicos Compras+52 222 615 8566 Talento &hellip; Cer\u00e1micos Read More &raquo;\" \/>\n<meta property=\"og:url\" content=\"https:\/\/metalcast.com.mx\/en\/ceramicos\/\" \/>\n<meta property=\"og:site_name\" content=\"MetalCast\" \/>\n<meta property=\"article:modified_time\" content=\"2025-09-26T02:41:51+00:00\" \/>\n<meta name=\"twitter:card\" content=\"summary_large_image\" \/>\n<script type=\"application\/ld+json\" class=\"yoast-schema-graph\">{\"@context\":\"https:\/\/schema.org\",\"@graph\":[{\"@type\":\"WebPage\",\"@id\":\"https:\/\/metalcast.com.mx\/ceramicos\/\",\"url\":\"https:\/\/metalcast.com.mx\/ceramicos\/\",\"name\":\"Cer\u00e1micos - MetalCast\",\"isPartOf\":{\"@id\":\"https:\/\/metalcast.com.mx\/#website\"},\"datePublished\":\"2020-08-15T17:58:06+00:00\",\"dateModified\":\"2025-09-26T02:41:51+00:00\",\"breadcrumb\":{\"@id\":\"https:\/\/metalcast.com.mx\/ceramicos\/#breadcrumb\"},\"inLanguage\":\"en-US\",\"potentialAction\":[{\"@type\":\"ReadAction\",\"target\":[\"https:\/\/metalcast.com.mx\/ceramicos\/\"]}]},{\"@type\":\"BreadcrumbList\",\"@id\":\"https:\/\/metalcast.com.mx\/ceramicos\/#breadcrumb\",\"itemListElement\":[{\"@type\":\"ListItem\",\"position\":1,\"name\":\"Portada\",\"item\":\"https:\/\/metalcast.com.mx\/\"},{\"@type\":\"ListItem\",\"position\":2,\"name\":\"Cer\u00e1micos\"}]},{\"@type\":\"WebSite\",\"@id\":\"https:\/\/metalcast.com.mx\/#website\",\"url\":\"https:\/\/metalcast.com.mx\/\",\"name\":\"MetalCast\",\"description\":\"Investment Casting\",\"publisher\":{\"@id\":\"https:\/\/metalcast.com.mx\/#organization\"},\"potentialAction\":[{\"@type\":\"SearchAction\",\"target\":{\"@type\":\"EntryPoint\",\"urlTemplate\":\"https:\/\/metalcast.com.mx\/?s={search_term_string}\"},\"query-input\":\"required name=search_term_string\"}],\"inLanguage\":\"en-US\"},{\"@type\":\"Organization\",\"@id\":\"https:\/\/metalcast.com.mx\/#organization\",\"name\":\"MetalCast\",\"url\":\"https:\/\/metalcast.com.mx\/\",\"logo\":{\"@type\":\"ImageObject\",\"inLanguage\":\"en-US\",\"@id\":\"https:\/\/metalcast.com.mx\/#\/schema\/logo\/image\/\",\"url\":\"https:\/\/metalcast.com.mx\/wp-content\/uploads\/2020\/07\/Logo-MetalCast_Mesa-de-trabajo-1.png\",\"contentUrl\":\"https:\/\/metalcast.com.mx\/wp-content\/uploads\/2020\/07\/Logo-MetalCast_Mesa-de-trabajo-1.png\",\"width\":250,\"height\":250,\"caption\":\"MetalCast\"},\"image\":{\"@id\":\"https:\/\/metalcast.com.mx\/#\/schema\/logo\/image\/\"}}]}<\/script>\n<!-- \/ Yoast SEO plugin. -->","yoast_head_json":{"title":"Cer\u00e1micos - MetalCast","robots":{"index":"index","follow":"follow","max-snippet":"max-snippet:-1","max-image-preview":"max-image-preview:large","max-video-preview":"max-video-preview:-1"},"canonical":"https:\/\/metalcast.com.mx\/en\/ceramicos\/","og_locale":"en_US","og_type":"article","og_title":"Cer\u00e1micos - MetalCast","og_description":"CER\u00c1MICOS PROCESO Ubicaci\u00f3n Parque Industrial Puebla 2000, Heroica Puebla de Zaragoza, Pue. Horario Lun &#8211; Mar 08:00 &#8211; 17:30 Hrs.Sab 08:00 &#8211; 12:00 Hrs. Cont\u00e1ctanos +52 (01 222) 282 63 52 Extensi\u00f3n Ventas:12Extensi\u00f3n Recursos Humanos: 24Extensi\u00f3n para mas informaci\u00f3n: 11 Email Ventasventasds@metalcast.com.mxventasds2@metalcast.com.mx Comprascompras@metalcast.com.mx Talento Humanotalentohumano@metalcast.com.mx Cont\u00e1ctanos por whatsapp Numeros Telefonicos Compras+52 222 615 8566 Talento &hellip; Cer\u00e1micos Read More &raquo;","og_url":"https:\/\/metalcast.com.mx\/en\/ceramicos\/","og_site_name":"MetalCast","article_modified_time":"2025-09-26T02:41:51+00:00","twitter_card":"summary_large_image","schema":{"@context":"https:\/\/schema.org","@graph":[{"@type":"WebPage","@id":"https:\/\/metalcast.com.mx\/ceramicos\/","url":"https:\/\/metalcast.com.mx\/ceramicos\/","name":"Cer\u00e1micos - MetalCast","isPartOf":{"@id":"https:\/\/metalcast.com.mx\/#website"},"datePublished":"2020-08-15T17:58:06+00:00","dateModified":"2025-09-26T02:41:51+00:00","breadcrumb":{"@id":"https:\/\/metalcast.com.mx\/ceramicos\/#breadcrumb"},"inLanguage":"en-US","potentialAction":[{"@type":"ReadAction","target":["https:\/\/metalcast.com.mx\/ceramicos\/"]}]},{"@type":"BreadcrumbList","@id":"https:\/\/metalcast.com.mx\/ceramicos\/#breadcrumb","itemListElement":[{"@type":"ListItem","position":1,"name":"Portada","item":"https:\/\/metalcast.com.mx\/"},{"@type":"ListItem","position":2,"name":"Cer\u00e1micos"}]},{"@type":"WebSite","@id":"https:\/\/metalcast.com.mx\/#website","url":"https:\/\/metalcast.com.mx\/","name":"MetalCast","description":"Investment Casting","publisher":{"@id":"https:\/\/metalcast.com.mx\/#organization"},"potentialAction":[{"@type":"SearchAction","target":{"@type":"EntryPoint","urlTemplate":"https:\/\/metalcast.com.mx\/?s={search_term_string}"},"query-input":"required name=search_term_string"}],"inLanguage":"en-US"},{"@type":"Organization","@id":"https:\/\/metalcast.com.mx\/#organization","name":"MetalCast","url":"https:\/\/metalcast.com.mx\/","logo":{"@type":"ImageObject","inLanguage":"en-US","@id":"https:\/\/metalcast.com.mx\/#\/schema\/logo\/image\/","url":"https:\/\/metalcast.com.mx\/wp-content\/uploads\/2020\/07\/Logo-MetalCast_Mesa-de-trabajo-1.png","contentUrl":"https:\/\/metalcast.com.mx\/wp-content\/uploads\/2020\/07\/Logo-MetalCast_Mesa-de-trabajo-1.png","width":250,"height":250,"caption":"MetalCast"},"image":{"@id":"https:\/\/metalcast.com.mx\/#\/schema\/logo\/image\/"}}]}},"_links":{"self":[{"href":"https:\/\/metalcast.com.mx\/en\/wp-json\/wp\/v2\/pages\/716","targetHints":{"allow":["GET"]}}],"collection":[{"href":"https:\/\/metalcast.com.mx\/en\/wp-json\/wp\/v2\/pages"}],"about":[{"href":"https:\/\/metalcast.com.mx\/en\/wp-json\/wp\/v2\/types\/page"}],"author":[{"embeddable":true,"href":"https:\/\/metalcast.com.mx\/en\/wp-json\/wp\/v2\/users\/1"}],"replies":[{"embeddable":true,"href":"https:\/\/metalcast.com.mx\/en\/wp-json\/wp\/v2\/comments?post=716"}],"version-history":[{"count":6,"href":"https:\/\/metalcast.com.mx\/en\/wp-json\/wp\/v2\/pages\/716\/revisions"}],"predecessor-version":[{"id":3862,"href":"https:\/\/metalcast.com.mx\/en\/wp-json\/wp\/v2\/pages\/716\/revisions\/3862"}],"wp:attachment":[{"href":"https:\/\/metalcast.com.mx\/en\/wp-json\/wp\/v2\/media?parent=716"}],"curies":[{"name":"wp","href":"https:\/\/api.w.org\/{rel}","templated":true}]}}