{"id":528,"date":"2020-08-11T16:08:31","date_gmt":"2020-08-11T16:08:31","guid":{"rendered":"https:\/\/metalcast.com.mx\/?page_id=528"},"modified":"2021-04-07T18:51:49","modified_gmt":"2021-04-07T18:51:49","slug":"industria-valvulas","status":"publish","type":"page","link":"https:\/\/metalcast.com.mx\/en\/industria-valvulas\/","title":{"rendered":"Industria V\u00e1lvulas"},"content":{"rendered":"<div data-elementor-type=\"wp-page\" data-elementor-id=\"528\" class=\"elementor elementor-528\">\n\t\t\t\t\t\t<div class=\"elementor-inner\">\n\t\t\t\t<div class=\"elementor-section-wrap\">\n\t\t\t\t\t\t\t\t\t<section class=\"elementor-section elementor-top-section elementor-element elementor-element-c30b377 elementor-section-boxed elementor-section-height-default elementor-section-height-default\" data-id=\"c30b377\" data-element_type=\"section\">\n\t\t\t\t\t\t<div class=\"elementor-container elementor-column-gap-default\">\n\t\t\t\t\t\t\t<div class=\"elementor-row\">\n\t\t\t\t\t<div class=\"elementor-column elementor-col-100 elementor-top-column elementor-element elementor-element-7877def\" data-id=\"7877def\" data-element_type=\"column\">\n\t\t\t<div class=\"elementor-column-wrap elementor-element-populated\">\n\t\t\t\t\t\t\t<div class=\"elementor-widget-wrap\">\n\t\t\t\t\t\t<div class=\"elementor-element elementor-element-50a1e7d elementor-widget elementor-widget-spacer\" data-id=\"50a1e7d\" data-element_type=\"widget\" data-widget_type=\"spacer.default\">\n\t\t\t\t<div class=\"elementor-widget-container\">\n\t\t\t\t\t<div class=\"elementor-spacer\">\n\t\t\t<div class=\"elementor-spacer-inner\"><\/div>\n\t\t<\/div>\n\t\t\t\t<\/div>\n\t\t\t\t<\/div>\n\t\t\t\t\t\t<\/div>\n\t\t\t\t\t<\/div>\n\t\t<\/div>\n\t\t\t\t\t\t\t\t<\/div>\n\t\t\t\t\t<\/div>\n\t\t<\/section>\n\t\t\t\t<section class=\"elementor-section elementor-top-section elementor-element elementor-element-c4d42fd elementor-section-boxed elementor-section-height-default elementor-section-height-default\" data-id=\"c4d42fd\" data-element_type=\"section\">\n\t\t\t\t\t\t<div class=\"elementor-container elementor-column-gap-default\">\n\t\t\t\t\t\t\t<div class=\"elementor-row\">\n\t\t\t\t\t<div class=\"elementor-column elementor-col-66 elementor-top-column elementor-element elementor-element-cb3ed18\" data-id=\"cb3ed18\" data-element_type=\"column\">\n\t\t\t<div class=\"elementor-column-wrap elementor-element-populated\">\n\t\t\t\t\t\t\t<div class=\"elementor-widget-wrap\">\n\t\t\t\t\t\t<div class=\"elementor-element elementor-element-c40aad6 elementor-widget elementor-widget-heading\" data-id=\"c40aad6\" data-element_type=\"widget\" data-widget_type=\"heading.default\">\n\t\t\t\t<div class=\"elementor-widget-container\">\n\t\t\t<h1 class=\"elementor-heading-title elementor-size-default\">VALVE INDUSTRY<\/h1>\t\t<\/div>\n\t\t\t\t<\/div>\n\t\t\t\t\t\t<\/div>\n\t\t\t\t\t<\/div>\n\t\t<\/div>\n\t\t\t\t<div class=\"elementor-column elementor-col-33 elementor-top-column elementor-element elementor-element-5f4b573\" data-id=\"5f4b573\" data-element_type=\"column\" data-settings=\"{&quot;background_background&quot;:&quot;classic&quot;}\">\n\t\t\t<div class=\"elementor-column-wrap elementor-element-populated\">\n\t\t\t\t\t\t\t<div class=\"elementor-widget-wrap\">\n\t\t\t\t\t\t<div class=\"elementor-element elementor-element-a111c1f elementor-widget elementor-widget-heading\" data-id=\"a111c1f\" data-element_type=\"widget\" data-widget_type=\"heading.default\">\n\t\t\t\t<div class=\"elementor-widget-container\">\n\t\t\t<h2 class=\"elementor-heading-title elementor-size-default\">GALLERY<\/h2>\t\t<\/div>\n\t\t\t\t<\/div>\n\t\t\t\t\t\t<\/div>\n\t\t\t\t\t<\/div>\n\t\t<\/div>\n\t\t\t\t\t\t\t\t<\/div>\n\t\t\t\t\t<\/div>\n\t\t<\/section>\n\t\t\t\t<section class=\"elementor-section elementor-top-section elementor-element elementor-element-82c2e12 elementor-section-boxed elementor-section-height-default elementor-section-height-default\" data-id=\"82c2e12\" data-element_type=\"section\">\n\t\t\t\t\t\t<div class=\"elementor-container elementor-column-gap-default\">\n\t\t\t\t\t\t\t<div class=\"elementor-row\">\n\t\t\t\t\t<div class=\"elementor-column elementor-col-100 elementor-top-column elementor-element elementor-element-63dd40a\" data-id=\"63dd40a\" data-element_type=\"column\">\n\t\t\t<div class=\"elementor-column-wrap elementor-element-populated\">\n\t\t\t\t\t\t\t<div class=\"elementor-widget-wrap\">\n\t\t\t\t\t\t<div class=\"elementor-element elementor-element-bc12684 elementor-arrows-position-inside elementor-pagination-position-outside elementor-widget elementor-widget-image-carousel\" data-id=\"bc12684\" data-element_type=\"widget\" data-settings=\"{&quot;slides_to_show&quot;:&quot;1&quot;,&quot;navigation&quot;:&quot;both&quot;,&quot;autoplay&quot;:&quot;yes&quot;,&quot;pause_on_hover&quot;:&quot;yes&quot;,&quot;pause_on_interaction&quot;:&quot;yes&quot;,&quot;autoplay_speed&quot;:5000,&quot;infinite&quot;:&quot;yes&quot;,&quot;effect&quot;:&quot;slide&quot;,&quot;speed&quot;:500}\" data-widget_type=\"image-carousel.default\">\n\t\t\t\t<div class=\"elementor-widget-container\">\n\t\t\t\t\t<div class=\"elementor-image-carousel-wrapper swiper-container\" dir=\"ltr\">\n\t\t\t<div class=\"elementor-image-carousel swiper-wrapper\">\n\t\t\t\t\t\t\t\t<div class=\"swiper-slide\"><figure class=\"swiper-slide-inner\"><img decoding=\"async\" class=\"swiper-slide-image\" src=\"https:\/\/metalcast.com.mx\/wp-content\/uploads\/2020\/08\/20170223_094912-1024x576.jpg\" alt=\"INDUSTRIA V\u00c1LVULAS - MetalCast\" \/><\/figure><\/div><div class=\"swiper-slide\"><figure class=\"swiper-slide-inner\"><img decoding=\"async\" class=\"swiper-slide-image\" src=\"https:\/\/metalcast.com.mx\/wp-content\/uploads\/2020\/08\/20170223_095139-1024x576.jpg\" alt=\"INDUSTRIA V\u00c1LVULAS - MetalCast\" \/><\/figure><\/div><div class=\"swiper-slide\"><figure class=\"swiper-slide-inner\"><img decoding=\"async\" class=\"swiper-slide-image\" src=\"https:\/\/metalcast.com.mx\/wp-content\/uploads\/2020\/08\/20170223_100051-1024x576.jpg\" alt=\"INDUSTRIA V\u00c1LVULAS - MetalCast\" \/><\/figure><\/div><div class=\"swiper-slide\"><figure class=\"swiper-slide-inner\"><img decoding=\"async\" class=\"swiper-slide-image\" src=\"https:\/\/metalcast.com.mx\/wp-content\/uploads\/2020\/08\/20170223_100340-1024x576.jpg\" alt=\"INDUSTRIA V\u00c1LVULAS - MetalCast\" \/><\/figure><\/div><div class=\"swiper-slide\"><figure class=\"swiper-slide-inner\"><img decoding=\"async\" class=\"swiper-slide-image\" src=\"https:\/\/metalcast.com.mx\/wp-content\/uploads\/2020\/08\/20170223_100645-1024x576.jpg\" alt=\"INDUSTRIA V\u00c1LVULAS - MetalCast\" \/><\/figure><\/div><div class=\"swiper-slide\"><figure class=\"swiper-slide-inner\"><img decoding=\"async\" class=\"swiper-slide-image\" src=\"https:\/\/metalcast.com.mx\/wp-content\/uploads\/2020\/08\/20170223_102458-1024x576.jpg\" alt=\"INDUSTRIA V\u00c1LVULAS - MetalCast\" \/><\/figure><\/div><div class=\"swiper-slide\"><figure class=\"swiper-slide-inner\"><img decoding=\"async\" class=\"swiper-slide-image\" src=\"https:\/\/metalcast.com.mx\/wp-content\/uploads\/2020\/08\/20170223_104657-1024x576.jpg\" alt=\"INDUSTRIA V\u00c1LVULAS - MetalCast\" \/><\/figure><\/div><div class=\"swiper-slide\"><figure class=\"swiper-slide-inner\"><img decoding=\"async\" class=\"swiper-slide-image\" src=\"https:\/\/metalcast.com.mx\/wp-content\/uploads\/2020\/08\/20170223_110933-1024x576.jpg\" alt=\"INDUSTRIA V\u00c1LVULAS - MetalCast\" \/><\/figure><\/div><div class=\"swiper-slide\"><figure class=\"swiper-slide-inner\"><img decoding=\"async\" class=\"swiper-slide-image\" src=\"https:\/\/metalcast.com.mx\/wp-content\/uploads\/2020\/08\/20170223_112437-1024x576.jpg\" alt=\"INDUSTRIA V\u00c1LVULAS - MetalCast\" \/><\/figure><\/div><div class=\"swiper-slide\"><figure class=\"swiper-slide-inner\"><img decoding=\"async\" class=\"swiper-slide-image\" src=\"https:\/\/metalcast.com.mx\/wp-content\/uploads\/2020\/08\/20170223_114354-1024x576.jpg\" alt=\"INDUSTRIA V\u00c1LVULAS - MetalCast\" \/><\/figure><\/div><div class=\"swiper-slide\"><figure class=\"swiper-slide-inner\"><img decoding=\"async\" class=\"swiper-slide-image\" src=\"https:\/\/metalcast.com.mx\/wp-content\/uploads\/2020\/08\/20170223_115613-1024x576.jpg\" alt=\"INDUSTRIA V\u00c1LVULAS - MetalCast\" \/><\/figure><\/div><div class=\"swiper-slide\"><figure class=\"swiper-slide-inner\"><img decoding=\"async\" class=\"swiper-slide-image\" src=\"https:\/\/metalcast.com.mx\/wp-content\/uploads\/2020\/08\/20170223_120927-1024x576.jpg\" alt=\"INDUSTRIA V\u00c1LVULAS - MetalCast\" \/><\/figure><\/div><div class=\"swiper-slide\"><figure class=\"swiper-slide-inner\"><img decoding=\"async\" class=\"swiper-slide-image\" src=\"https:\/\/metalcast.com.mx\/wp-content\/uploads\/2020\/08\/20170223_121123-1024x576.jpg\" alt=\"INDUSTRIA V\u00c1LVULAS - MetalCast\" \/><\/figure><\/div><div class=\"swiper-slide\"><figure class=\"swiper-slide-inner\"><img decoding=\"async\" class=\"swiper-slide-image\" src=\"https:\/\/metalcast.com.mx\/wp-content\/uploads\/2020\/08\/20170223_121819-1024x576.jpg\" alt=\"INDUSTRIA V\u00c1LVULAS - MetalCast\" \/><\/figure><\/div><div class=\"swiper-slide\"><figure class=\"swiper-slide-inner\"><img decoding=\"async\" class=\"swiper-slide-image\" src=\"https:\/\/metalcast.com.mx\/wp-content\/uploads\/2020\/08\/20170223_122331-1024x576.jpg\" alt=\"INDUSTRIA V\u00c1LVULAS - MetalCast\" \/><\/figure><\/div><div class=\"swiper-slide\"><figure class=\"swiper-slide-inner\"><img decoding=\"async\" class=\"swiper-slide-image\" src=\"https:\/\/metalcast.com.mx\/wp-content\/uploads\/2020\/08\/20170223_124233-1024x576.jpg\" alt=\"INDUSTRIA V\u00c1LVULAS - MetalCast\" \/><\/figure><\/div><div class=\"swiper-slide\"><figure class=\"swiper-slide-inner\"><img decoding=\"async\" class=\"swiper-slide-image\" src=\"https:\/\/metalcast.com.mx\/wp-content\/uploads\/2020\/08\/Ball-1024x472.jpg\" alt=\"Ball - MetalCast\" \/><\/figure><\/div><div class=\"swiper-slide\"><figure class=\"swiper-slide-inner\"><img decoding=\"async\" class=\"swiper-slide-image\" src=\"https:\/\/metalcast.com.mx\/wp-content\/uploads\/2020\/08\/Cuerpo-fundicion-1024x472.jpg\" alt=\"Cuerpo fundicion - MetalCast\" \/><\/figure><\/div>\t\t\t<\/div>\n\t\t\t\t\t\t\t\t\t\t\t\t<div class=\"swiper-pagination\"><\/div>\n\t\t\t\t\t\t\t\t\t\t\t\t\t<div class=\"elementor-swiper-button elementor-swiper-button-prev\" role=\"button\" tabindex=\"0\">\n\t\t\t\t\t\t<i aria-hidden=\"true\" class=\"eicon-chevron-left\"><\/i>\t\t\t\t\t\t<span class=\"elementor-screen-only\">Previous image<\/span>\n\t\t\t\t\t<\/div>\n\t\t\t\t\t<div class=\"elementor-swiper-button elementor-swiper-button-next\" role=\"button\" tabindex=\"0\">\n\t\t\t\t\t\t<i aria-hidden=\"true\" class=\"eicon-chevron-right\"><\/i>\t\t\t\t\t\t<span class=\"elementor-screen-only\">Next image<\/span>\n\t\t\t\t\t<\/div>\n\t\t\t\t\t\t\t\t\t<\/div>\n\t\t\t\t<\/div>\n\t\t\t\t<\/div>\n\t\t\t\t\t\t<\/div>\n\t\t\t\t\t<\/div>\n\t\t<\/div>\n\t\t\t\t\t\t\t\t<\/div>\n\t\t\t\t\t<\/div>\n\t\t<\/section>\n\t\t\t\t<section class=\"elementor-section elementor-top-section elementor-element elementor-element-c393191 elementor-section-boxed elementor-section-height-default elementor-section-height-default\" data-id=\"c393191\" data-element_type=\"section\">\n\t\t\t\t\t\t<div class=\"elementor-container elementor-column-gap-default\">\n\t\t\t\t\t\t\t<div class=\"elementor-row\">\n\t\t\t\t\t<div class=\"elementor-column elementor-col-100 elementor-top-column elementor-element elementor-element-e79690a\" data-id=\"e79690a\" data-element_type=\"column\">\n\t\t\t<div class=\"elementor-column-wrap elementor-element-populated\">\n\t\t\t\t\t\t\t<div class=\"elementor-widget-wrap\">\n\t\t\t\t\t\t<div class=\"elementor-element elementor-element-00c54cc elementor-button-danger elementor-align-center elementor-tablet-align-center elementor-widget elementor-widget-button\" data-id=\"00c54cc\" data-element_type=\"widget\" data-widget_type=\"button.default\">\n\t\t\t\t<div class=\"elementor-widget-container\">\n\t\t\t\t\t<div class=\"elementor-button-wrapper\">\n\t\t\t<a href=\"https:\/\/metalcast.com.mx\/en\/#galeria\" class=\"elementor-button-link elementor-button elementor-size-sm\" role=\"button\">\n\t\t\t\t\t\t<span class=\"elementor-button-content-wrapper\">\n\t\t\t\t\t\t\t<span class=\"elementor-button-icon elementor-align-icon-left\">\n\t\t\t\t<i aria-hidden=\"true\" class=\"far fa-times-circle\"><\/i>\t\t\t<\/span>\n\t\t\t\t\t\t<span class=\"elementor-button-text\"><\/span>\n\t\t<\/span>\n\t\t\t\t\t<\/a>\n\t\t<\/div>\n\t\t\t\t<\/div>\n\t\t\t\t<\/div>\n\t\t\t\t\t\t<\/div>\n\t\t\t\t\t<\/div>\n\t\t<\/div>\n\t\t\t\t\t\t\t\t<\/div>\n\t\t\t\t\t<\/div>\n\t\t<\/section>\n\t\t\t\t\t\t\t\t\t<\/div>\n\t\t\t<\/div>\n\t\t\t\t\t<\/div>","protected":false},"excerpt":{"rendered":"<p>INDUSTRIA V\u00c1LVULAS GALER\u00cdA Anterior Siguiente<\/p>","protected":false},"author":1,"featured_media":0,"parent":0,"menu_order":0,"comment_status":"closed","ping_status":"closed","template":"","meta":{"site-sidebar-layout":"no-sidebar","site-content-layout":"page-builder","ast-global-header-display":"","ast-banner-title-visibility":"","ast-main-header-display":"","ast-hfb-above-header-display":"","ast-hfb-below-header-display":"","ast-hfb-mobile-header-display":"","site-post-title":"disabled","ast-breadcrumbs-content":"","ast-featured-img":"disabled","footer-sml-layout":"","theme-transparent-header-meta":"default","adv-header-id-meta":"","stick-header-meta":"","header-above-stick-meta":"","header-main-stick-meta":"","header-below-stick-meta":"","footnotes":""},"class_list":["post-528","page","type-page","status-publish","hentry"],"yoast_head":"<!-- This site is optimized with the Yoast SEO plugin v20.8 - https:\/\/yoast.com\/wordpress\/plugins\/seo\/ -->\n<title>Industria V\u00e1lvulas - MetalCast<\/title>\n<meta name=\"robots\" content=\"index, follow, max-snippet:-1, max-image-preview:large, max-video-preview:-1\" \/>\n<link rel=\"canonical\" href=\"https:\/\/metalcast.com.mx\/en\/industria-valvulas\/\" \/>\n<meta property=\"og:locale\" content=\"en_US\" \/>\n<meta property=\"og:type\" content=\"article\" \/>\n<meta property=\"og:title\" content=\"Industria V\u00e1lvulas - MetalCast\" \/>\n<meta property=\"og:description\" content=\"INDUSTRIA V\u00c1LVULAS GALER\u00cdA Anterior Siguiente\" \/>\n<meta property=\"og:url\" content=\"https:\/\/metalcast.com.mx\/en\/industria-valvulas\/\" \/>\n<meta property=\"og:site_name\" content=\"MetalCast\" \/>\n<meta property=\"article:modified_time\" content=\"2021-04-07T18:51:49+00:00\" \/>\n<meta property=\"og:image\" content=\"https:\/\/metalcast.com.mx\/wp-content\/uploads\/2020\/08\/20170223_094912-1024x576.jpg\" \/>\n<meta name=\"twitter:card\" content=\"summary_large_image\" \/>\n<meta name=\"twitter:label1\" content=\"Est. reading time\" \/>\n\t<meta name=\"twitter:data1\" content=\"5 minutes\" \/>\n<script type=\"application\/ld+json\" class=\"yoast-schema-graph\">{\"@context\":\"https:\/\/schema.org\",\"@graph\":[{\"@type\":\"WebPage\",\"@id\":\"https:\/\/metalcast.com.mx\/en\/industria-valvulas\/\",\"url\":\"https:\/\/metalcast.com.mx\/en\/industria-valvulas\/\",\"name\":\"Industria V\u00e1lvulas - MetalCast\",\"isPartOf\":{\"@id\":\"https:\/\/metalcast.com.mx\/#website\"},\"datePublished\":\"2020-08-11T16:08:31+00:00\",\"dateModified\":\"2021-04-07T18:51:49+00:00\",\"breadcrumb\":{\"@id\":\"https:\/\/metalcast.com.mx\/en\/industria-valvulas\/#breadcrumb\"},\"inLanguage\":\"en-US\",\"potentialAction\":[{\"@type\":\"ReadAction\",\"target\":[\"https:\/\/metalcast.com.mx\/en\/industria-valvulas\/\"]}]},{\"@type\":\"BreadcrumbList\",\"@id\":\"https:\/\/metalcast.com.mx\/en\/industria-valvulas\/#breadcrumb\",\"itemListElement\":[{\"@type\":\"ListItem\",\"position\":1,\"name\":\"Portada\",\"item\":\"https:\/\/metalcast.com.mx\/\"},{\"@type\":\"ListItem\",\"position\":2,\"name\":\"Industria V\u00e1lvulas\"}]},{\"@type\":\"WebSite\",\"@id\":\"https:\/\/metalcast.com.mx\/#website\",\"url\":\"https:\/\/metalcast.com.mx\/\",\"name\":\"MetalCast\",\"description\":\"Investment Casting\",\"publisher\":{\"@id\":\"https:\/\/metalcast.com.mx\/#organization\"},\"potentialAction\":[{\"@type\":\"SearchAction\",\"target\":{\"@type\":\"EntryPoint\",\"urlTemplate\":\"https:\/\/metalcast.com.mx\/?s={search_term_string}\"},\"query-input\":\"required name=search_term_string\"}],\"inLanguage\":\"en-US\"},{\"@type\":\"Organization\",\"@id\":\"https:\/\/metalcast.com.mx\/#organization\",\"name\":\"MetalCast\",\"url\":\"https:\/\/metalcast.com.mx\/\",\"logo\":{\"@type\":\"ImageObject\",\"inLanguage\":\"en-US\",\"@id\":\"https:\/\/metalcast.com.mx\/#\/schema\/logo\/image\/\",\"url\":\"https:\/\/metalcast.com.mx\/wp-content\/uploads\/2020\/07\/Logo-MetalCast_Mesa-de-trabajo-1.png\",\"contentUrl\":\"https:\/\/metalcast.com.mx\/wp-content\/uploads\/2020\/07\/Logo-MetalCast_Mesa-de-trabajo-1.png\",\"width\":250,\"height\":250,\"caption\":\"MetalCast\"},\"image\":{\"@id\":\"https:\/\/metalcast.com.mx\/#\/schema\/logo\/image\/\"}}]}<\/script>\n<!-- \/ Yoast SEO plugin. -->","yoast_head_json":{"title":"Industria V\u00e1lvulas - MetalCast","robots":{"index":"index","follow":"follow","max-snippet":"max-snippet:-1","max-image-preview":"max-image-preview:large","max-video-preview":"max-video-preview:-1"},"canonical":"https:\/\/metalcast.com.mx\/en\/industria-valvulas\/","og_locale":"en_US","og_type":"article","og_title":"Industria V\u00e1lvulas - MetalCast","og_description":"INDUSTRIA V\u00c1LVULAS GALER\u00cdA Anterior Siguiente","og_url":"https:\/\/metalcast.com.mx\/en\/industria-valvulas\/","og_site_name":"MetalCast","article_modified_time":"2021-04-07T18:51:49+00:00","og_image":[{"url":"https:\/\/metalcast.com.mx\/wp-content\/uploads\/2020\/08\/20170223_094912-1024x576.jpg"}],"twitter_card":"summary_large_image","twitter_misc":{"Est. reading time":"5 minutes"},"schema":{"@context":"https:\/\/schema.org","@graph":[{"@type":"WebPage","@id":"https:\/\/metalcast.com.mx\/en\/industria-valvulas\/","url":"https:\/\/metalcast.com.mx\/en\/industria-valvulas\/","name":"Industria V\u00e1lvulas - MetalCast","isPartOf":{"@id":"https:\/\/metalcast.com.mx\/#website"},"datePublished":"2020-08-11T16:08:31+00:00","dateModified":"2021-04-07T18:51:49+00:00","breadcrumb":{"@id":"https:\/\/metalcast.com.mx\/en\/industria-valvulas\/#breadcrumb"},"inLanguage":"en-US","potentialAction":[{"@type":"ReadAction","target":["https:\/\/metalcast.com.mx\/en\/industria-valvulas\/"]}]},{"@type":"BreadcrumbList","@id":"https:\/\/metalcast.com.mx\/en\/industria-valvulas\/#breadcrumb","itemListElement":[{"@type":"ListItem","position":1,"name":"Portada","item":"https:\/\/metalcast.com.mx\/"},{"@type":"ListItem","position":2,"name":"Industria V\u00e1lvulas"}]},{"@type":"WebSite","@id":"https:\/\/metalcast.com.mx\/#website","url":"https:\/\/metalcast.com.mx\/","name":"MetalCast","description":"Investment Casting","publisher":{"@id":"https:\/\/metalcast.com.mx\/#organization"},"potentialAction":[{"@type":"SearchAction","target":{"@type":"EntryPoint","urlTemplate":"https:\/\/metalcast.com.mx\/?s={search_term_string}"},"query-input":"required name=search_term_string"}],"inLanguage":"en-US"},{"@type":"Organization","@id":"https:\/\/metalcast.com.mx\/#organization","name":"MetalCast","url":"https:\/\/metalcast.com.mx\/","logo":{"@type":"ImageObject","inLanguage":"en-US","@id":"https:\/\/metalcast.com.mx\/#\/schema\/logo\/image\/","url":"https:\/\/metalcast.com.mx\/wp-content\/uploads\/2020\/07\/Logo-MetalCast_Mesa-de-trabajo-1.png","contentUrl":"https:\/\/metalcast.com.mx\/wp-content\/uploads\/2020\/07\/Logo-MetalCast_Mesa-de-trabajo-1.png","width":250,"height":250,"caption":"MetalCast"},"image":{"@id":"https:\/\/metalcast.com.mx\/#\/schema\/logo\/image\/"}}]}},"_links":{"self":[{"href":"https:\/\/metalcast.com.mx\/en\/wp-json\/wp\/v2\/pages\/528","targetHints":{"allow":["GET"]}}],"collection":[{"href":"https:\/\/metalcast.com.mx\/en\/wp-json\/wp\/v2\/pages"}],"about":[{"href":"https:\/\/metalcast.com.mx\/en\/wp-json\/wp\/v2\/types\/page"}],"author":[{"embeddable":true,"href":"https:\/\/metalcast.com.mx\/en\/wp-json\/wp\/v2\/users\/1"}],"replies":[{"embeddable":true,"href":"https:\/\/metalcast.com.mx\/en\/wp-json\/wp\/v2\/comments?post=528"}],"version-history":[{"count":7,"href":"https:\/\/metalcast.com.mx\/en\/wp-json\/wp\/v2\/pages\/528\/revisions"}],"predecessor-version":[{"id":2085,"href":"https:\/\/metalcast.com.mx\/en\/wp-json\/wp\/v2\/pages\/528\/revisions\/2085"}],"wp:attachment":[{"href":"https:\/\/metalcast.com.mx\/en\/wp-json\/wp\/v2\/media?parent=528"}],"curies":[{"name":"wp","href":"https:\/\/api.w.org\/{rel}","templated":true}]}}