{"id":472,"date":"2020-08-10T18:54:58","date_gmt":"2020-08-10T18:54:58","guid":{"rendered":"https:\/\/metalcast.com.mx\/?page_id=472"},"modified":"2023-06-14T23:26:54","modified_gmt":"2023-06-14T23:26:54","slug":"metalcast-industria-electrica","status":"publish","type":"page","link":"https:\/\/metalcast.com.mx\/en\/metalcast-industria-electrica\/","title":{"rendered":"Industria El\u00e9ctrica"},"content":{"rendered":"<div data-elementor-type=\"wp-page\" data-elementor-id=\"472\" class=\"elementor elementor-472\">\n\t\t\t\t\t\t<div class=\"elementor-inner\">\n\t\t\t\t<div class=\"elementor-section-wrap\">\n\t\t\t\t\t\t\t\t\t<section class=\"elementor-section elementor-top-section elementor-element elementor-element-8bc6058 elementor-section-boxed elementor-section-height-default elementor-section-height-default\" data-id=\"8bc6058\" data-element_type=\"section\">\n\t\t\t\t\t\t<div class=\"elementor-container elementor-column-gap-default\">\n\t\t\t\t\t\t\t<div class=\"elementor-row\">\n\t\t\t\t\t<div class=\"elementor-column elementor-col-100 elementor-top-column elementor-element elementor-element-a08c3d1\" data-id=\"a08c3d1\" data-element_type=\"column\">\n\t\t\t<div class=\"elementor-column-wrap elementor-element-populated\">\n\t\t\t\t\t\t\t<div class=\"elementor-widget-wrap\">\n\t\t\t\t\t\t<div class=\"elementor-element elementor-element-8134735 elementor-widget elementor-widget-spacer\" data-id=\"8134735\" data-element_type=\"widget\" data-widget_type=\"spacer.default\">\n\t\t\t\t<div class=\"elementor-widget-container\">\n\t\t\t\t\t<div class=\"elementor-spacer\">\n\t\t\t<div class=\"elementor-spacer-inner\"><\/div>\n\t\t<\/div>\n\t\t\t\t<\/div>\n\t\t\t\t<\/div>\n\t\t\t\t\t\t<\/div>\n\t\t\t\t\t<\/div>\n\t\t<\/div>\n\t\t\t\t\t\t\t\t<\/div>\n\t\t\t\t\t<\/div>\n\t\t<\/section>\n\t\t\t\t<section class=\"elementor-section elementor-top-section elementor-element elementor-element-aaedbbb elementor-section-boxed elementor-section-height-default elementor-section-height-default\" data-id=\"aaedbbb\" data-element_type=\"section\">\n\t\t\t\t\t\t<div class=\"elementor-container elementor-column-gap-default\">\n\t\t\t\t\t\t\t<div class=\"elementor-row\">\n\t\t\t\t\t<div class=\"elementor-column elementor-col-66 elementor-top-column elementor-element elementor-element-6e69fc4\" data-id=\"6e69fc4\" data-element_type=\"column\">\n\t\t\t<div class=\"elementor-column-wrap elementor-element-populated\">\n\t\t\t\t\t\t\t<div class=\"elementor-widget-wrap\">\n\t\t\t\t\t\t<div class=\"elementor-element elementor-element-f57fdc6 elementor-widget elementor-widget-heading\" data-id=\"f57fdc6\" data-element_type=\"widget\" data-widget_type=\"heading.default\">\n\t\t\t\t<div class=\"elementor-widget-container\">\n\t\t\t<h1 class=\"elementor-heading-title elementor-size-default\">ELECTRICAL INDUSTRY<\/h1>\t\t<\/div>\n\t\t\t\t<\/div>\n\t\t\t\t\t\t<\/div>\n\t\t\t\t\t<\/div>\n\t\t<\/div>\n\t\t\t\t<div class=\"elementor-column elementor-col-33 elementor-top-column elementor-element elementor-element-f5b474d\" data-id=\"f5b474d\" data-element_type=\"column\" data-settings=\"{&quot;background_background&quot;:&quot;classic&quot;}\">\n\t\t\t<div class=\"elementor-column-wrap elementor-element-populated\">\n\t\t\t\t\t\t\t<div class=\"elementor-widget-wrap\">\n\t\t\t\t\t\t<div class=\"elementor-element elementor-element-bcc4bf7 elementor-widget elementor-widget-heading\" data-id=\"bcc4bf7\" data-element_type=\"widget\" data-widget_type=\"heading.default\">\n\t\t\t\t<div class=\"elementor-widget-container\">\n\t\t\t<h2 class=\"elementor-heading-title elementor-size-default\">GALLERY<\/h2>\t\t<\/div>\n\t\t\t\t<\/div>\n\t\t\t\t\t\t<\/div>\n\t\t\t\t\t<\/div>\n\t\t<\/div>\n\t\t\t\t\t\t\t\t<\/div>\n\t\t\t\t\t<\/div>\n\t\t<\/section>\n\t\t\t\t<section class=\"elementor-section elementor-top-section elementor-element elementor-element-8ffdb27 elementor-section-boxed elementor-section-height-default elementor-section-height-default\" data-id=\"8ffdb27\" data-element_type=\"section\">\n\t\t\t\t\t\t<div class=\"elementor-container elementor-column-gap-default\">\n\t\t\t\t\t\t\t<div class=\"elementor-row\">\n\t\t\t\t\t<div class=\"elementor-column elementor-col-100 elementor-top-column elementor-element elementor-element-2775194\" data-id=\"2775194\" data-element_type=\"column\">\n\t\t\t<div class=\"elementor-column-wrap elementor-element-populated\">\n\t\t\t\t\t\t\t<div class=\"elementor-widget-wrap\">\n\t\t\t\t\t\t<div class=\"elementor-element elementor-element-19443d6 elementor-arrows-position-inside elementor-pagination-position-outside elementor-widget elementor-widget-image-carousel\" data-id=\"19443d6\" data-element_type=\"widget\" data-settings=\"{&quot;slides_to_show&quot;:&quot;1&quot;,&quot;navigation&quot;:&quot;both&quot;,&quot;autoplay&quot;:&quot;yes&quot;,&quot;pause_on_hover&quot;:&quot;yes&quot;,&quot;pause_on_interaction&quot;:&quot;yes&quot;,&quot;autoplay_speed&quot;:5000,&quot;infinite&quot;:&quot;yes&quot;,&quot;effect&quot;:&quot;slide&quot;,&quot;speed&quot;:500}\" data-widget_type=\"image-carousel.default\">\n\t\t\t\t<div class=\"elementor-widget-container\">\n\t\t\t\t\t<div class=\"elementor-image-carousel-wrapper swiper-container\" dir=\"ltr\">\n\t\t\t<div class=\"elementor-image-carousel swiper-wrapper\">\n\t\t\t\t\t\t\t\t<div class=\"swiper-slide\"><figure class=\"swiper-slide-inner\"><img decoding=\"async\" class=\"swiper-slide-image\" src=\"https:\/\/metalcast.com.mx\/wp-content\/uploads\/2020\/08\/20170223_111356-1024x576.jpg\" alt=\"INDUSTRIA EL\u00c9CTRICA - MetalCast\" \/><\/figure><\/div>\t\t\t<\/div>\n\t\t\t\t\t<\/div>\n\t\t\t\t<\/div>\n\t\t\t\t<\/div>\n\t\t\t\t\t\t<\/div>\n\t\t\t\t\t<\/div>\n\t\t<\/div>\n\t\t\t\t\t\t\t\t<\/div>\n\t\t\t\t\t<\/div>\n\t\t<\/section>\n\t\t\t\t<section class=\"elementor-section elementor-top-section elementor-element elementor-element-cab1b42 elementor-section-boxed elementor-section-height-default elementor-section-height-default\" data-id=\"cab1b42\" data-element_type=\"section\">\n\t\t\t\t\t\t<div class=\"elementor-container elementor-column-gap-default\">\n\t\t\t\t\t\t\t<div class=\"elementor-row\">\n\t\t\t\t\t<div class=\"elementor-column elementor-col-100 elementor-top-column elementor-element elementor-element-922d5d3\" data-id=\"922d5d3\" data-element_type=\"column\">\n\t\t\t<div class=\"elementor-column-wrap elementor-element-populated\">\n\t\t\t\t\t\t\t<div class=\"elementor-widget-wrap\">\n\t\t\t\t\t\t<div class=\"elementor-element elementor-element-61cf787 elementor-button-danger elementor-align-center elementor-tablet-align-center elementor-widget elementor-widget-button\" data-id=\"61cf787\" data-element_type=\"widget\" data-widget_type=\"button.default\">\n\t\t\t\t<div class=\"elementor-widget-container\">\n\t\t\t\t\t<div class=\"elementor-button-wrapper\">\n\t\t\t<a href=\"https:\/\/metalcast.com.mx\/en\/#galeria\" class=\"elementor-button-link elementor-button elementor-size-sm\" role=\"button\">\n\t\t\t\t\t\t<span class=\"elementor-button-content-wrapper\">\n\t\t\t\t\t\t\t<span class=\"elementor-button-icon elementor-align-icon-left\">\n\t\t\t\t<i aria-hidden=\"true\" class=\"far fa-times-circle\"><\/i>\t\t\t<\/span>\n\t\t\t\t\t\t<span class=\"elementor-button-text\"><\/span>\n\t\t<\/span>\n\t\t\t\t\t<\/a>\n\t\t<\/div>\n\t\t\t\t<\/div>\n\t\t\t\t<\/div>\n\t\t\t\t\t\t<\/div>\n\t\t\t\t\t<\/div>\n\t\t<\/div>\n\t\t\t\t\t\t\t\t<\/div>\n\t\t\t\t\t<\/div>\n\t\t<\/section>\n\t\t\t\t\t\t\t\t\t<\/div>\n\t\t\t<\/div>\n\t\t\t\t\t<\/div>","protected":false},"excerpt":{"rendered":"<p>INDUSTRIA EL\u00c9CTRICA GALER\u00cdA<\/p>","protected":false},"author":1,"featured_media":0,"parent":0,"menu_order":0,"comment_status":"closed","ping_status":"closed","template":"","meta":{"site-sidebar-layout":"no-sidebar","site-content-layout":"page-builder","ast-global-header-display":"","ast-banner-title-visibility":"","ast-main-header-display":"","ast-hfb-above-header-display":"","ast-hfb-below-header-display":"","ast-hfb-mobile-header-display":"","site-post-title":"disabled","ast-breadcrumbs-content":"","ast-featured-img":"disabled","footer-sml-layout":"","theme-transparent-header-meta":"default","adv-header-id-meta":"","stick-header-meta":"","header-above-stick-meta":"","header-main-stick-meta":"","header-below-stick-meta":"","footnotes":""},"class_list":["post-472","page","type-page","status-publish","hentry"],"yoast_head":"<!-- This site is optimized with the Yoast SEO plugin v20.8 - https:\/\/yoast.com\/wordpress\/plugins\/seo\/ -->\n<title>Industria El\u00e9ctrica - MetalCast<\/title>\n<meta name=\"robots\" content=\"index, follow, max-snippet:-1, max-image-preview:large, max-video-preview:-1\" \/>\n<link rel=\"canonical\" href=\"https:\/\/metalcast.com.mx\/en\/metalcast-industria-electrica\/\" \/>\n<meta property=\"og:locale\" content=\"en_US\" \/>\n<meta property=\"og:type\" content=\"article\" \/>\n<meta property=\"og:title\" content=\"Industria El\u00e9ctrica - MetalCast\" \/>\n<meta property=\"og:description\" content=\"INDUSTRIA EL\u00c9CTRICA GALER\u00cdA\" \/>\n<meta property=\"og:url\" content=\"https:\/\/metalcast.com.mx\/en\/metalcast-industria-electrica\/\" \/>\n<meta property=\"og:site_name\" content=\"MetalCast\" \/>\n<meta property=\"article:modified_time\" content=\"2023-06-14T23:26:54+00:00\" \/>\n<meta property=\"og:image\" content=\"https:\/\/metalcast.com.mx\/wp-content\/uploads\/2020\/08\/20170223_111356-1024x576.jpg\" \/>\n<meta name=\"twitter:card\" content=\"summary_large_image\" \/>\n<meta name=\"twitter:label1\" content=\"Est. reading time\" \/>\n\t<meta name=\"twitter:data1\" content=\"1 minute\" \/>\n<script type=\"application\/ld+json\" class=\"yoast-schema-graph\">{\"@context\":\"https:\/\/schema.org\",\"@graph\":[{\"@type\":\"WebPage\",\"@id\":\"https:\/\/metalcast.com.mx\/metalcast-industria-electrica\/\",\"url\":\"https:\/\/metalcast.com.mx\/metalcast-industria-electrica\/\",\"name\":\"Industria El\u00e9ctrica - MetalCast\",\"isPartOf\":{\"@id\":\"https:\/\/metalcast.com.mx\/#website\"},\"datePublished\":\"2020-08-10T18:54:58+00:00\",\"dateModified\":\"2023-06-14T23:26:54+00:00\",\"breadcrumb\":{\"@id\":\"https:\/\/metalcast.com.mx\/metalcast-industria-electrica\/#breadcrumb\"},\"inLanguage\":\"en-US\",\"potentialAction\":[{\"@type\":\"ReadAction\",\"target\":[\"https:\/\/metalcast.com.mx\/metalcast-industria-electrica\/\"]}]},{\"@type\":\"BreadcrumbList\",\"@id\":\"https:\/\/metalcast.com.mx\/metalcast-industria-electrica\/#breadcrumb\",\"itemListElement\":[{\"@type\":\"ListItem\",\"position\":1,\"name\":\"Portada\",\"item\":\"https:\/\/metalcast.com.mx\/\"},{\"@type\":\"ListItem\",\"position\":2,\"name\":\"Industria El\u00e9ctrica\"}]},{\"@type\":\"WebSite\",\"@id\":\"https:\/\/metalcast.com.mx\/#website\",\"url\":\"https:\/\/metalcast.com.mx\/\",\"name\":\"MetalCast\",\"description\":\"Investment Casting\",\"publisher\":{\"@id\":\"https:\/\/metalcast.com.mx\/#organization\"},\"potentialAction\":[{\"@type\":\"SearchAction\",\"target\":{\"@type\":\"EntryPoint\",\"urlTemplate\":\"https:\/\/metalcast.com.mx\/?s={search_term_string}\"},\"query-input\":\"required name=search_term_string\"}],\"inLanguage\":\"en-US\"},{\"@type\":\"Organization\",\"@id\":\"https:\/\/metalcast.com.mx\/#organization\",\"name\":\"MetalCast\",\"url\":\"https:\/\/metalcast.com.mx\/\",\"logo\":{\"@type\":\"ImageObject\",\"inLanguage\":\"en-US\",\"@id\":\"https:\/\/metalcast.com.mx\/#\/schema\/logo\/image\/\",\"url\":\"https:\/\/metalcast.com.mx\/wp-content\/uploads\/2020\/07\/Logo-MetalCast_Mesa-de-trabajo-1.png\",\"contentUrl\":\"https:\/\/metalcast.com.mx\/wp-content\/uploads\/2020\/07\/Logo-MetalCast_Mesa-de-trabajo-1.png\",\"width\":250,\"height\":250,\"caption\":\"MetalCast\"},\"image\":{\"@id\":\"https:\/\/metalcast.com.mx\/#\/schema\/logo\/image\/\"}}]}<\/script>\n<!-- \/ Yoast SEO plugin. -->","yoast_head_json":{"title":"Industria El\u00e9ctrica - MetalCast","robots":{"index":"index","follow":"follow","max-snippet":"max-snippet:-1","max-image-preview":"max-image-preview:large","max-video-preview":"max-video-preview:-1"},"canonical":"https:\/\/metalcast.com.mx\/en\/metalcast-industria-electrica\/","og_locale":"en_US","og_type":"article","og_title":"Industria El\u00e9ctrica - MetalCast","og_description":"INDUSTRIA EL\u00c9CTRICA GALER\u00cdA","og_url":"https:\/\/metalcast.com.mx\/en\/metalcast-industria-electrica\/","og_site_name":"MetalCast","article_modified_time":"2023-06-14T23:26:54+00:00","og_image":[{"url":"https:\/\/metalcast.com.mx\/wp-content\/uploads\/2020\/08\/20170223_111356-1024x576.jpg"}],"twitter_card":"summary_large_image","twitter_misc":{"Est. reading time":"1 minute"},"schema":{"@context":"https:\/\/schema.org","@graph":[{"@type":"WebPage","@id":"https:\/\/metalcast.com.mx\/metalcast-industria-electrica\/","url":"https:\/\/metalcast.com.mx\/metalcast-industria-electrica\/","name":"Industria El\u00e9ctrica - MetalCast","isPartOf":{"@id":"https:\/\/metalcast.com.mx\/#website"},"datePublished":"2020-08-10T18:54:58+00:00","dateModified":"2023-06-14T23:26:54+00:00","breadcrumb":{"@id":"https:\/\/metalcast.com.mx\/metalcast-industria-electrica\/#breadcrumb"},"inLanguage":"en-US","potentialAction":[{"@type":"ReadAction","target":["https:\/\/metalcast.com.mx\/metalcast-industria-electrica\/"]}]},{"@type":"BreadcrumbList","@id":"https:\/\/metalcast.com.mx\/metalcast-industria-electrica\/#breadcrumb","itemListElement":[{"@type":"ListItem","position":1,"name":"Portada","item":"https:\/\/metalcast.com.mx\/"},{"@type":"ListItem","position":2,"name":"Industria El\u00e9ctrica"}]},{"@type":"WebSite","@id":"https:\/\/metalcast.com.mx\/#website","url":"https:\/\/metalcast.com.mx\/","name":"MetalCast","description":"Investment Casting","publisher":{"@id":"https:\/\/metalcast.com.mx\/#organization"},"potentialAction":[{"@type":"SearchAction","target":{"@type":"EntryPoint","urlTemplate":"https:\/\/metalcast.com.mx\/?s={search_term_string}"},"query-input":"required name=search_term_string"}],"inLanguage":"en-US"},{"@type":"Organization","@id":"https:\/\/metalcast.com.mx\/#organization","name":"MetalCast","url":"https:\/\/metalcast.com.mx\/","logo":{"@type":"ImageObject","inLanguage":"en-US","@id":"https:\/\/metalcast.com.mx\/#\/schema\/logo\/image\/","url":"https:\/\/metalcast.com.mx\/wp-content\/uploads\/2020\/07\/Logo-MetalCast_Mesa-de-trabajo-1.png","contentUrl":"https:\/\/metalcast.com.mx\/wp-content\/uploads\/2020\/07\/Logo-MetalCast_Mesa-de-trabajo-1.png","width":250,"height":250,"caption":"MetalCast"},"image":{"@id":"https:\/\/metalcast.com.mx\/#\/schema\/logo\/image\/"}}]}},"_links":{"self":[{"href":"https:\/\/metalcast.com.mx\/en\/wp-json\/wp\/v2\/pages\/472","targetHints":{"allow":["GET"]}}],"collection":[{"href":"https:\/\/metalcast.com.mx\/en\/wp-json\/wp\/v2\/pages"}],"about":[{"href":"https:\/\/metalcast.com.mx\/en\/wp-json\/wp\/v2\/types\/page"}],"author":[{"embeddable":true,"href":"https:\/\/metalcast.com.mx\/en\/wp-json\/wp\/v2\/users\/1"}],"replies":[{"embeddable":true,"href":"https:\/\/metalcast.com.mx\/en\/wp-json\/wp\/v2\/comments?post=472"}],"version-history":[{"count":10,"href":"https:\/\/metalcast.com.mx\/en\/wp-json\/wp\/v2\/pages\/472\/revisions"}],"predecessor-version":[{"id":3809,"href":"https:\/\/metalcast.com.mx\/en\/wp-json\/wp\/v2\/pages\/472\/revisions\/3809"}],"wp:attachment":[{"href":"https:\/\/metalcast.com.mx\/en\/wp-json\/wp\/v2\/media?parent=472"}],"curies":[{"name":"wp","href":"https:\/\/api.w.org\/{rel}","templated":true}]}}